{"id":2540,"date":"2024-08-02T14:19:18","date_gmt":"2024-08-02T14:19:18","guid":{"rendered":"https:\/\/douxpavillon.fr\/?page_id=2540"},"modified":"2025-04-12T13:48:03","modified_gmt":"2025-04-12T13:48:03","slug":"conditions-generales-de-vente","status":"publish","type":"page","link":"https:\/\/douxpavillon.fr\/en\/conditions-generales-de-vente\/","title":{"rendered":"conditions g\u00e9n\u00e9rales de vente"},"content":{"rendered":"<div data-elementor-type=\"wp-post\" data-elementor-id=\"2540\" class=\"elementor elementor-2540\">\n\t\t\t\t<div class=\"elementor-element elementor-element-gPn6TMh1 e-con-full   e-flex e-con e-parent\" data-id=\"gPn6TMh1\" data-element_type=\"container\" data-e-type=\"container\" data-settings=\"{&quot;background_background&quot;:&quot;classic&quot;}\">\n\t\t\t\t<div class=\"elementor-element elementor-element-M8ac1Fzo elementor-widget__width-initial elementor-widget-mobile__width-inherit   elementor-widget elementor-widget-text-editor\" data-id=\"M8ac1Fzo\" data-element_type=\"widget\" data-e-type=\"widget\" data-widget_type=\"text-editor.default\">\n\t\t\t\t<div class=\"elementor-widget-container\">\n\t\t\t\t\t\t\t\t\t<h2 style=\"font-family: 'libre baskerville'; font-size: 3.75rem; line-height: 1.133em; color: #967d48; text-align: center;\">CONDITIONS <strong style=\"font-weight: bold;\"> GENERAL SALES CONDITIONS<\/strong><\/h2><div><strong style=\"font-weight: bold;\"><br><\/strong><\/div>\n<p style=\"font-weight: bold; font-style: italic;\">Last update date: 12\/04\/2025<\/p><p style=\"font-weight: bold; font-style: italic;\"><br><\/p>\n<p><strong>1 - Purpose<\/strong><\/p>\n<p>These General Terms and Conditions (GTC) govern all reservations made on our short-term rental website. By booking an accommodation on our site, you accept without reservation the present terms and conditions.<\/p><p><br><\/p>\n<p><strong>2 - Booking and payment<\/strong><\/p>\n<p>Reservations become effective upon booking.<\/p><p><br><\/p>\n<p><strong>3 - Cancellation<\/strong><\/p>\n<p>You can change or cancel your reservation free of charge up to 5 days before your arrival date.<\/p>\n<p>After this time, the reservation becomes non-refundable.<\/p>\n<p>All cancellations must be notified in writing to the following address: contact@douxpavillon.fr.<\/p><p><br><\/p>\n<p><strong>4 - Arrival and departure<\/strong><\/p>\n<p>Accommodation is available from 5pm on the day of arrival and must be vacated by 11am on the day of departure.<\/p><p><br><\/p>\n<p><strong>5 - Use of the Premises<\/strong><\/p>\n<p>The tenant agrees to use the premises in a peaceful manner and to respect the neighbors. Any nuisance caused to the neighborhood may result in immediate termination of the rental without refund.<\/p><p><br><\/p>\n<p><strong>6 - Security deposit<\/strong><\/p>\n<p>A security deposit will be paid by pre-authorized bank transfer prior to your arrival. This procedure does not result in an immediate debit from your account, but some banks may block this amount to check the availability of funds. The deposit will be reimbursed within 7 days of your departure, provided no damage has occurred.<\/p><p><br><\/p>\n<p><strong>7 - Liability<\/strong><\/p>\n<p>We accept no responsibility for theft, loss or damage to the renter's personal belongings. The tenant is responsible for any damage caused by him\/herself or his\/her companions during the rental period.<\/p><p><br><\/p>\n<p><strong>8 - Disputes<\/strong><\/p>\n<p>Any dispute relating to the performance or interpretation of these GCS will be submitted to the competent court of the place of the rented property.<\/p>\t\t\t\t\t\t\t\t<\/div>\n\t\t\t\t<\/div>\n\t\t<div class=\"elementor-element elementor-element-HoyqruNn e-con-full   e-flex e-con e-child\" data-id=\"HoyqruNn\" data-element_type=\"container\" data-e-type=\"container\">\n\t\t\t\t<\/div>\n\t\t\t\t<\/div>\n\t\t\t\t<\/div>","protected":false},"excerpt":{"rendered":"<p>CONDITIONS G\u00c9N\u00c9RALES DE VENTE Date de derni\u00e8re mise \u00e0 jour : 12\/04\/2025 1 &#8211; Objet Les pr\u00e9sentes Conditions G\u00e9n\u00e9rales de Vente (CGV) r\u00e9gissent toutes les r\u00e9servations effectu\u00e9es sur notre site de location courte dur\u00e9e. En r\u00e9servant un logement sur notre site, vous acceptez sans r\u00e9serve les pr\u00e9sentes CGV. 2 &#8211; R\u00e9servation et Paiement La r\u00e9servation [&hellip;]<\/p>\n","protected":false},"author":0,"featured_media":0,"parent":0,"menu_order":0,"comment_status":"closed","ping_status":"draft","template":"elementor_header_footer","meta":{"inline_featured_image":false,"two_page_speed":[],"footnotes":""},"class_list":["post-2540","page","type-page","status-publish","hentry"],"_links":{"self":[{"href":"https:\/\/douxpavillon.fr\/en\/wp-json\/wp\/v2\/pages\/2540","targetHints":{"allow":["GET"]}}],"collection":[{"href":"https:\/\/douxpavillon.fr\/en\/wp-json\/wp\/v2\/pages"}],"about":[{"href":"https:\/\/douxpavillon.fr\/en\/wp-json\/wp\/v2\/types\/page"}],"replies":[{"embeddable":true,"href":"https:\/\/douxpavillon.fr\/en\/wp-json\/wp\/v2\/comments?post=2540"}],"version-history":[{"count":0,"href":"https:\/\/douxpavillon.fr\/en\/wp-json\/wp\/v2\/pages\/2540\/revisions"}],"wp:attachment":[{"href":"https:\/\/douxpavillon.fr\/en\/wp-json\/wp\/v2\/media?parent=2540"}],"curies":[{"name":"wp","href":"https:\/\/api.w.org\/{rel}","templated":true}]}}