{"id":7225,"date":"2025-08-20T11:06:22","date_gmt":"2025-08-20T11:06:22","guid":{"rendered":"https:\/\/douxpavillon.fr\/?page_id=7225"},"modified":"2025-08-20T11:13:11","modified_gmt":"2025-08-20T11:13:11","slug":"procedure-strada","status":"publish","type":"page","link":"https:\/\/douxpavillon.fr\/en\/procedure-strada\/","title":{"rendered":"Proc\u00e9dure Strada"},"content":{"rendered":"<div data-elementor-type=\"wp-post\" data-elementor-id=\"7225\" class=\"elementor elementor-7225\">\n\t\t\t\t<div class=\"elementor-element elementor-element-bf320cd e-con-full   e-flex e-con e-parent\" data-id=\"bf320cd\" data-element_type=\"container\" data-e-type=\"container\">\n\t\t<div class=\"elementor-element elementor-element-99fa5de e-flex e-con-boxed e-con e-child\" data-id=\"99fa5de\" data-element_type=\"container\" data-e-type=\"container\">\n\t\t\t\t\t<div class=\"e-con-inner\">\n\t\t<div class=\"elementor-element elementor-element-3cb5603 e-con-full e-flex e-con e-child\" data-id=\"3cb5603\" data-element_type=\"container\" data-e-type=\"container\">\n\t\t<div class=\"elementor-element elementor-element-5f3645f e-con-full e-flex e-con e-child\" data-id=\"5f3645f\" data-element_type=\"container\" data-e-type=\"container\">\n\t\t\t\t<div class=\"elementor-element elementor-element-6d35be9 elementor-widget__width-initial elementor-widget-mobile__width-inherit   elementor-widget elementor-widget-text-editor\" data-id=\"6d35be9\" data-element_type=\"widget\" data-e-type=\"widget\" data-widget_type=\"text-editor.default\">\n\t\t\t\t<div class=\"elementor-widget-container\">\n\t\t\t\t\t\t\t\t\t<p><img decoding=\"async\" class=\"alignnone wp-image-542\" src=\"https:\/\/douxpavillon.fr\/wp-content\/uploads\/2024\/05\/Doux-pavillon-logo-2-1-300x300.png\" alt=\"\" width=\"58\" height=\"58\" \/>Le Strada : box\/clim &amp; tram \u00e0 5min<\/p>\t\t\t\t\t\t\t\t<\/div>\n\t\t\t\t<\/div>\n\t\t\t\t<\/div>\n\t\t<div class=\"elementor-element elementor-element-4b9546b e-con-full e-flex e-con e-child\" data-id=\"4b9546b\" data-element_type=\"container\" data-e-type=\"container\">\n\t\t\t\t<div class=\"elementor-element elementor-element-bbaf5d3 elementor-widget elementor-widget-text-editor\" data-id=\"bbaf5d3\" data-element_type=\"widget\" data-e-type=\"widget\" data-widget_type=\"text-editor.default\">\n\t\t\t\t<div class=\"elementor-widget-container\">\n\t\t\t\t\t\t\t\t\t<p>Merci d&rsquo;avoir r\u00e9serv\u00e9 au \u00ab\u00a0Strada\u00a0\u00bb. Veuillez trouver ci-joint un guide pour votre arriv\u00e9e autonome :\u00a0<\/p>\t\t\t\t\t\t\t\t<\/div>\n\t\t\t\t<\/div>\n\t\t\t\t<\/div>\n\t\t\t\t<\/div>\n\t\t<div class=\"elementor-element elementor-element-9ea2e48 e-con-full e-flex e-con e-child\" data-id=\"9ea2e48\" data-element_type=\"container\" data-e-type=\"container\">\n\t\t\t\t<div class=\"elementor-element elementor-element-b80e608 elementor-widget elementor-widget-text-editor\" data-id=\"b80e608\" data-element_type=\"widget\" data-e-type=\"widget\" data-widget_type=\"text-editor.default\">\n\t\t\t\t<div class=\"elementor-widget-container\">\n\t\t\t\t\t\t\t\t\t<p>Access instructions :<\/p><p><img fetchpriority=\"high\" decoding=\"async\" class=\"size-medium wp-image-7229 alignnone\" src=\"https:\/\/douxpavillon.fr\/wp-content\/uploads\/2025\/08\/IMG_0655-300x225.jpg\" alt=\"\" width=\"300\" height=\"225\" srcset=\"https:\/\/douxpavillon.fr\/wp-content\/uploads\/2025\/08\/IMG_0655-300x225.jpg 300w, https:\/\/douxpavillon.fr\/wp-content\/uploads\/2025\/08\/IMG_0655-1024x768.jpg 1024w, https:\/\/douxpavillon.fr\/wp-content\/uploads\/2025\/08\/IMG_0655-768x576.jpg 768w, https:\/\/douxpavillon.fr\/wp-content\/uploads\/2025\/08\/IMG_0655-1536x1152.jpg 1536w, https:\/\/douxpavillon.fr\/wp-content\/uploads\/2025\/08\/IMG_0655-2048x1536.jpg 2048w, https:\/\/douxpavillon.fr\/wp-content\/uploads\/2025\/08\/IMG_0655-16x12.jpg 16w, https:\/\/douxpavillon.fr\/wp-content\/uploads\/2025\/08\/IMG_0655-600x450.jpg 600w\" sizes=\"(max-width: 300px) 100vw, 300px\" \/> <img decoding=\"async\" class=\"size-medium wp-image-7230 alignnone\" src=\"https:\/\/douxpavillon.fr\/wp-content\/uploads\/2025\/08\/IMG_0656-300x225.jpg\" alt=\"\" width=\"300\" height=\"225\" srcset=\"https:\/\/douxpavillon.fr\/wp-content\/uploads\/2025\/08\/IMG_0656-300x225.jpg 300w, https:\/\/douxpavillon.fr\/wp-content\/uploads\/2025\/08\/IMG_0656-1024x768.jpg 1024w, https:\/\/douxpavillon.fr\/wp-content\/uploads\/2025\/08\/IMG_0656-768x576.jpg 768w, https:\/\/douxpavillon.fr\/wp-content\/uploads\/2025\/08\/IMG_0656-1536x1153.jpg 1536w, https:\/\/douxpavillon.fr\/wp-content\/uploads\/2025\/08\/IMG_0656-2048x1537.jpg 2048w, https:\/\/douxpavillon.fr\/wp-content\/uploads\/2025\/08\/IMG_0656-16x12.jpg 16w, https:\/\/douxpavillon.fr\/wp-content\/uploads\/2025\/08\/IMG_0656-600x450.jpg 600w\" sizes=\"(max-width: 300px) 100vw, 300px\" \/> <img loading=\"lazy\" decoding=\"async\" class=\"alignnone size-medium wp-image-7231\" src=\"https:\/\/douxpavillon.fr\/wp-content\/uploads\/2025\/08\/IMG_0658-300x225.jpg\" alt=\"\" width=\"300\" height=\"225\" srcset=\"https:\/\/douxpavillon.fr\/wp-content\/uploads\/2025\/08\/IMG_0658-300x225.jpg 300w, https:\/\/douxpavillon.fr\/wp-content\/uploads\/2025\/08\/IMG_0658-1024x768.jpg 1024w, https:\/\/douxpavillon.fr\/wp-content\/uploads\/2025\/08\/IMG_0658-768x576.jpg 768w, https:\/\/douxpavillon.fr\/wp-content\/uploads\/2025\/08\/IMG_0658-1536x1152.jpg 1536w, https:\/\/douxpavillon.fr\/wp-content\/uploads\/2025\/08\/IMG_0658-2048x1536.jpg 2048w, https:\/\/douxpavillon.fr\/wp-content\/uploads\/2025\/08\/IMG_0658-16x12.jpg 16w, https:\/\/douxpavillon.fr\/wp-content\/uploads\/2025\/08\/IMG_0658-600x450.jpg 600w\" sizes=\"(max-width: 300px) 100vw, 300px\" \/><\/p><ul><li data-start=\"0\" data-end=\"172\"><p data-start=\"3\" data-end=\"172\">Rendez-vous au 12 rue Antoine Primat. Saisissez le code communiqu\u00e9, puis appuyez sur le bouton de la bo\u00eete \u00e0 cl\u00e9s pour r\u00e9cup\u00e9rer le trousseau. Pensez \u00e0 bien refermer la bo\u00eete apr\u00e8s utilisation.<\/p><\/li><\/ul>\t\t\t\t\t\t\t\t<\/div>\n\t\t\t\t<\/div>\n\t\t<div class=\"elementor-element elementor-element-b77c62d e-con-full e-flex e-con e-child\" data-id=\"b77c62d\" data-element_type=\"container\" data-e-type=\"container\">\n\t\t\t\t<div class=\"elementor-element elementor-element-68456b9 elementor-widget elementor-widget-heading\" data-id=\"68456b9\" data-element_type=\"widget\" data-e-type=\"widget\" data-widget_type=\"heading.default\">\n\t\t\t\t<div class=\"elementor-widget-container\">\n\t\t\t\t\t<h1 class=\"elementor-heading-title elementor-size-default\">Une fois le trousseau r\u00e9cup\u00e9r\u00e9 :<\/h1>\t\t\t\t<\/div>\n\t\t\t\t<\/div>\n\t\t<div class=\"elementor-element elementor-element-3d98a8f e-con-full e-flex e-con e-child\" data-id=\"3d98a8f\" data-element_type=\"container\" data-e-type=\"container\">\n\t\t\t\t<div class=\"elementor-element elementor-element-d9bd17a elementor-widget elementor-widget-heading\" data-id=\"d9bd17a\" data-element_type=\"widget\" data-e-type=\"widget\" data-widget_type=\"heading.default\">\n\t\t\t\t<div class=\"elementor-widget-container\">\n\t\t\t\t\t<h2 class=\"elementor-heading-title elementor-size-default\">Guide d\u2019arriv\u00e9e en voiture :<\/h2>\t\t\t\t<\/div>\n\t\t\t\t<\/div>\n\t\t\t\t<\/div>\n\t\t<div class=\"elementor-element elementor-element-8a48485 e-con-full e-flex e-con e-child\" data-id=\"8a48485\" data-element_type=\"container\" data-e-type=\"container\">\n\t\t\t\t<div class=\"elementor-element elementor-element-29dffd6 elementor-widget elementor-widget-video\" data-id=\"29dffd6\" data-element_type=\"widget\" data-e-type=\"widget\" data-settings=\"{&quot;youtube_url&quot;:&quot;https:\\\/\\\/youtu.be\\\/i-yDnoBSn-8&quot;,&quot;video_type&quot;:&quot;youtube&quot;,&quot;controls&quot;:&quot;yes&quot;}\" data-widget_type=\"video.default\">\n\t\t\t\t<div class=\"elementor-widget-container\">\n\t\t\t\t\t\t\t<div class=\"elementor-wrapper elementor-open-inline\">\n\t\t\t<div class=\"elementor-video\"><\/div>\t\t<\/div>\n\t\t\t\t\t\t<\/div>\n\t\t\t\t<\/div>\n\t\t\t\t<\/div>\n\t\t<div class=\"elementor-element elementor-element-8d80a1b e-con-full e-flex e-con e-child\" data-id=\"8d80a1b\" data-element_type=\"container\" data-e-type=\"container\">\n\t\t<div class=\"elementor-element elementor-element-fe6e4b0 e-con-full e-flex e-con e-child\" data-id=\"fe6e4b0\" data-element_type=\"container\" data-e-type=\"container\">\n\t\t\t\t<div class=\"elementor-element elementor-element-772f31d elementor-widget elementor-widget-heading\" data-id=\"772f31d\" data-element_type=\"widget\" data-e-type=\"widget\" data-widget_type=\"heading.default\">\n\t\t\t\t<div class=\"elementor-widget-container\">\n\t\t\t\t\t<h2 class=\"elementor-heading-title elementor-size-default\">Guide pi\u00e9ton :<\/h2>\t\t\t\t<\/div>\n\t\t\t\t<\/div>\n\t\t\t\t<\/div>\n\t\t\t\t<\/div>\n\t\t<div class=\"elementor-element elementor-element-b252aef e-con-full e-flex e-con e-child\" data-id=\"b252aef\" data-element_type=\"container\" data-e-type=\"container\">\n\t\t\t\t<div class=\"elementor-element elementor-element-ac1f6ea elementor-widget elementor-widget-video\" data-id=\"ac1f6ea\" data-element_type=\"widget\" data-e-type=\"widget\" data-settings=\"{&quot;youtube_url&quot;:&quot;https:\\\/\\\/youtu.be\\\/4EsAUYEBIQU&quot;,&quot;video_type&quot;:&quot;youtube&quot;,&quot;controls&quot;:&quot;yes&quot;}\" data-widget_type=\"video.default\">\n\t\t\t\t<div class=\"elementor-widget-container\">\n\t\t\t\t\t\t\t<div class=\"elementor-wrapper elementor-open-inline\">\n\t\t\t<div class=\"elementor-video\"><\/div>\t\t<\/div>\n\t\t\t\t\t\t<\/div>\n\t\t\t\t<\/div>\n\t\t\t\t<\/div>\n\t\t\t\t<\/div>\n\t\t\t\t<\/div>\n\t\t<div class=\"elementor-element elementor-element-d2600d8 e-con-full e-flex e-con e-child\" data-id=\"d2600d8\" data-element_type=\"container\" data-e-type=\"container\">\n\t\t<div class=\"elementor-element elementor-element-f64eba1   e-con-full e-flex e-con e-child\" data-id=\"f64eba1\" data-element_type=\"container\" data-e-type=\"container\">\n\t\t\t\t<div class=\"elementor-element elementor-element-fbf3c84 elementor-widget__width-inherit elementor-widget-mobile__width-inherit   elementor-widget elementor-widget-text-editor\" data-id=\"fbf3c84\" data-element_type=\"widget\" data-e-type=\"widget\" data-widget_type=\"text-editor.default\">\n\t\t\t\t<div class=\"elementor-widget-container\">\n\t\t\t\t\t\t\t\t\t<p>Welcome <img decoding=\"async\" class=\"emoji\" role=\"img\" draggable=\"false\" src=\"https:\/\/s.w.org\/images\/core\/emoji\/15.0.3\/svg\/1f60a.svg\" alt=\"\ud83d\ude0a\" \/>. If you have any questions, please do not hesitate to contact us.<\/p><p>The DOUX PAVILLON team.<\/p>\t\t\t\t\t\t\t\t<\/div>\n\t\t\t\t<\/div>\n\t\t\t\t<\/div>\n\t\t\t\t<\/div>\n\t\t\t\t\t<\/div>\n\t\t\t\t<\/div>\n\t\t\t\t<\/div>\n\t\t\t\t<\/div>","protected":false},"excerpt":{"rendered":"<p>Le Strada : box\/clim &amp; tram \u00e0 5min Merci d&rsquo;avoir r\u00e9serv\u00e9 au \u00ab\u00a0Strada\u00a0\u00bb. Veuillez trouver ci-joint un guide pour votre arriv\u00e9e autonome :\u00a0 Instruction d&rsquo;acc\u00e8s : Rendez-vous au 12 rue Antoine Primat. Saisissez le code communiqu\u00e9, puis appuyez sur le bouton de la bo\u00eete \u00e0 cl\u00e9s pour r\u00e9cup\u00e9rer le trousseau. Pensez \u00e0 bien refermer la [&hellip;]<\/p>\n","protected":false},"author":0,"featured_media":0,"parent":0,"menu_order":0,"comment_status":"closed","ping_status":"draft","template":"elementor_header_footer","meta":{"inline_featured_image":false,"two_page_speed":[],"footnotes":""},"class_list":["post-7225","page","type-page","status-publish","hentry"],"_links":{"self":[{"href":"https:\/\/douxpavillon.fr\/en\/wp-json\/wp\/v2\/pages\/7225","targetHints":{"allow":["GET"]}}],"collection":[{"href":"https:\/\/douxpavillon.fr\/en\/wp-json\/wp\/v2\/pages"}],"about":[{"href":"https:\/\/douxpavillon.fr\/en\/wp-json\/wp\/v2\/types\/page"}],"replies":[{"embeddable":true,"href":"https:\/\/douxpavillon.fr\/en\/wp-json\/wp\/v2\/comments?post=7225"}],"version-history":[{"count":0,"href":"https:\/\/douxpavillon.fr\/en\/wp-json\/wp\/v2\/pages\/7225\/revisions"}],"wp:attachment":[{"href":"https:\/\/douxpavillon.fr\/en\/wp-json\/wp\/v2\/media?parent=7225"}],"curies":[{"name":"wp","href":"https:\/\/api.w.org\/{rel}","templated":true}]}}