{"id":7862,"date":"2026-04-10T11:28:12","date_gmt":"2026-04-10T11:28:12","guid":{"rendered":"https:\/\/douxpavillon.fr\/?page_id=7862"},"modified":"2026-04-10T11:31:13","modified_gmt":"2026-04-10T11:31:13","slug":"procedure-la-palmeraie-2","status":"publish","type":"page","link":"https:\/\/douxpavillon.fr\/en\/procedure-la-palmeraie-2\/","title":{"rendered":"Proc\u00e9dure La Palmeraie"},"content":{"rendered":"<div data-elementor-type=\"wp-page\" data-elementor-id=\"7862\" class=\"elementor elementor-7862\">\n\t\t\t\t<div class=\"elementor-element elementor-element-21f08b5 e-con-full e-flex e-con e-parent\" data-id=\"21f08b5\" data-element_type=\"container\" data-e-type=\"container\">\n\t\t\t\t<div class=\"elementor-element elementor-element-9b73c03 elementor-widget elementor-widget-text-editor\" data-id=\"9b73c03\" data-element_type=\"widget\" data-e-type=\"widget\" data-widget_type=\"text-editor.default\">\n\t\t\t\t<div class=\"elementor-widget-container\">\n\t\t\t\t\t\t\t\t\t<div class=\"sc-jqLVDZ bnDAbe\"><p class=\"sc-jHiZoE jMxHCu\">Bonjour,<\/p><p>\u00a0<\/p><\/div><div class=\"sc-jqLVDZ bnDAbe\"><p class=\"sc-jHiZoE jMxHCu\">Nous sommes ravis de vous accueillir aujourd\u2019hui au Doux Pavillon &#8211; La Palmeraie situ\u00e9 au 4 rue Grimaldi.<\/p><p>\u00a0<\/p><\/div><div class=\"sc-jqLVDZ bnDAbe\"><p class=\"sc-jHiZoE jMxHCu\">Pour acc\u00e9der au logement :<\/p><p>\u00a0<\/p><\/div><div class=\"sc-jqLVDZ bnDAbe\"><p class=\"sc-jHiZoE jMxHCu\">&#8211; Le code de la bo\u00eete \u00e0 cl\u00e9s vous sera transmis automatiquement par e-mail \u00e0 16h. Un check-in anticip\u00e9 est possible avec un suppl\u00e9ment de\u00a0<strong>20 \u20ac<\/strong>,\u00a0<u>sous r\u00e9serve de confirmation pr\u00e9alable<\/u>.<\/p><\/div><div class=\"sc-jqLVDZ bnDAbe\"><p class=\"sc-jHiZoE jMxHCu\">&#8211; Vous pouvez suivre pas \u00e0 pas notre guide d\u2019arriv\u00e9e :<\/p><\/div>\t\t\t\t\t\t\t\t<\/div>\n\t\t\t\t<\/div>\n\t\t\t\t<\/div>\n\t\t<div class=\"elementor-element elementor-element-17e66c7 e-con-full e-flex e-con e-parent\" data-id=\"17e66c7\" data-element_type=\"container\" data-e-type=\"container\">\n\t\t\t\t<div class=\"elementor-element elementor-element-6eca0c7 elementor-widget elementor-widget-video\" data-id=\"6eca0c7\" data-element_type=\"widget\" data-e-type=\"widget\" data-settings=\"{&quot;youtube_url&quot;:&quot;https:\\\/\\\/youtu.be\\\/S9Yl5qrpmJU&quot;,&quot;video_type&quot;:&quot;youtube&quot;,&quot;controls&quot;:&quot;yes&quot;}\" data-widget_type=\"video.default\">\n\t\t\t\t<div class=\"elementor-widget-container\">\n\t\t\t\t\t\t\t<div class=\"elementor-wrapper elementor-open-inline\">\n\t\t\t<div class=\"elementor-video\"><\/div>\t\t<\/div>\n\t\t\t\t\t\t<\/div>\n\t\t\t\t<\/div>\n\t\t\t\t<\/div>\n\t\t<div class=\"elementor-element elementor-element-8823e1c e-con-full e-flex e-con e-parent\" data-id=\"8823e1c\" data-element_type=\"container\" data-e-type=\"container\">\n\t\t\t\t<div class=\"elementor-element elementor-element-0965599 elementor-widget elementor-widget-text-editor\" data-id=\"0965599\" data-element_type=\"widget\" data-e-type=\"widget\" data-widget_type=\"text-editor.default\">\n\t\t\t\t<div class=\"elementor-widget-container\">\n\t\t\t\t\t\t\t\t\t<div class=\"sc-jqLVDZ bnDAbe\"><div class=\"sc-jqLVDZ bnDAbe\"><div class=\"sc-jqLVDZ bnDAbe\"><p class=\"sc-jHiZoE jMxHCu\"><strong>Wifi :<\/strong><\/p><\/div><\/div><div class=\"sc-jqLVDZ bnDAbe\"><div class=\"sc-jqLVDZ bnDAbe\"><p class=\"sc-jHiZoE jMxHCu\">R\u00e9seau : Bbox-0A46C201<br \/>Mot de passe : 3FAE32CDA45F5A5CAD4F62DA3C914D<\/p><\/div><\/div><\/div><div class=\"sc-jqLVDZ bnDAbe\"><p class=\"sc-jHiZoE jMxHCu\"><strong>Informations importantes :<\/strong><\/p><\/div><div class=\"sc-jqLVDZ bnDAbe\"><div class=\"sc-jqLVDZ bnDAbe\"><div class=\"sc-jqLVDZ bnDAbe\"><p class=\"sc-jHiZoE jMxHCu\"><strong>Check-in \u00e0 partir de 16h00 \u2014 Check-out avant 11h00.<\/strong><\/p><\/div><\/div><div class=\"sc-jqLVDZ bnDAbe\"><div class=\"sc-jqLVDZ bnDAbe\"><p class=\"sc-jHiZoE jMxHCu\"><u><strong>Tout d\u00e9part tardif non autoris\u00e9 au pr\u00e9alable sera automatiquement factur\u00e9 20 \u20ac par heure.<\/strong><\/u><\/p><\/div><\/div><\/div><div class=\"sc-jqLVDZ bnDAbe\"><p class=\"sc-jHiZoE jMxHCu\"><strong>R\u00e8gles du logement :<\/strong><\/p><\/div><div class=\"sc-jqLVDZ bnDAbe\"><div class=\"sc-jqLVDZ bnDAbe\"><div class=\"sc-jqLVDZ bnDAbe\"><p class=\"sc-jHiZoE jMxHCu\"><u><strong>Interdiction de fumer<\/strong><\/u>\u00a0\u00e0 l&rsquo;int\u00e9rieur, sous peine d&rsquo;une facturation de\u00a0<strong>150 \u20ac<\/strong>.<\/p><\/div><\/div><div class=\"sc-jqLVDZ bnDAbe\"><div class=\"sc-jqLVDZ bnDAbe\"><p class=\"sc-jHiZoE jMxHCu\"><u><strong>Les invit\u00e9s sont strictement interdits<\/strong><\/u><strong>.<\/strong>\u00a0Toute entr\u00e9e de plus de 2 personnes sera automatiquement factur\u00e9e\u00a0<strong>200 \u20ac<\/strong>.<\/p><\/div><\/div><div class=\"sc-jqLVDZ bnDAbe\"><div class=\"sc-jqLVDZ bnDAbe\"><p class=\"sc-jHiZoE jMxHCu\"><u><strong>Acc\u00e8s s\u00e9curis\u00e9 par vid\u00e9o-surveillance.<\/strong><\/u><\/p><\/div><\/div><div class=\"sc-jqLVDZ bnDAbe\"><div class=\"sc-jqLVDZ bnDAbe\"><p class=\"sc-jHiZoE jMxHCu\">Tout\u00a0<strong>\u00e9l\u00e9ment endommag\u00e9<\/strong>\u00a0sera factur\u00e9 selon le montant des d\u00e9g\u00e2ts constat\u00e9s.<\/p><\/div><\/div><div class=\"sc-jqLVDZ bnDAbe\"><div class=\"sc-jqLVDZ bnDAbe\"><p class=\"sc-jHiZoE jMxHCu\"><strong>Oubli des cl\u00e9s<\/strong>\u00a0au d\u00e9part : facturation de\u00a0<strong>350 \u20ac<\/strong>. Pensez bien \u00e0 les remettre dans la bo\u00eete \u00e0 cl\u00e9s avant de partir.<\/p><\/div><\/div><\/div><div class=\"sc-jqLVDZ bnDAbe\"><p class=\"sc-jHiZoE jMxHCu\">Nous vous souhaitons une excellente installation et un tr\u00e8s beau s\u00e9jour \u00e0 Nice.<\/p><\/div><div class=\"sc-jqLVDZ bnDAbe\"><p class=\"sc-jHiZoE jMxHCu\">Cordialement,<\/p><\/div><div class=\"sc-jqLVDZ bnDAbe\"><p class=\"sc-jHiZoE jMxHCu\"><strong>L&rsquo;\u00e9quipe Doux Pavillon<\/strong><\/p><\/div>\t\t\t\t\t\t\t\t<\/div>\n\t\t\t\t<\/div>\n\t\t\t\t<\/div>\n\t\t\t\t<\/div>","protected":false},"excerpt":{"rendered":"<p>Bonjour, \u00a0 Nous sommes ravis de vous accueillir aujourd\u2019hui au Doux Pavillon &#8211; La Palmeraie situ\u00e9 au 4 rue Grimaldi. \u00a0 Pour acc\u00e9der au logement : \u00a0 &#8211; Le code de la bo\u00eete \u00e0 cl\u00e9s vous sera transmis automatiquement par e-mail \u00e0 16h. Un check-in anticip\u00e9 est possible avec un suppl\u00e9ment de\u00a020 \u20ac,\u00a0sous r\u00e9serve de [&hellip;]<\/p>\n","protected":false},"author":0,"featured_media":0,"parent":0,"menu_order":0,"comment_status":"closed","ping_status":"closed","template":"","meta":{"inline_featured_image":false,"two_page_speed":[],"footnotes":""},"class_list":["post-7862","page","type-page","status-publish","hentry"],"_links":{"self":[{"href":"https:\/\/douxpavillon.fr\/en\/wp-json\/wp\/v2\/pages\/7862","targetHints":{"allow":["GET"]}}],"collection":[{"href":"https:\/\/douxpavillon.fr\/en\/wp-json\/wp\/v2\/pages"}],"about":[{"href":"https:\/\/douxpavillon.fr\/en\/wp-json\/wp\/v2\/types\/page"}],"replies":[{"embeddable":true,"href":"https:\/\/douxpavillon.fr\/en\/wp-json\/wp\/v2\/comments?post=7862"}],"version-history":[{"count":3,"href":"https:\/\/douxpavillon.fr\/en\/wp-json\/wp\/v2\/pages\/7862\/revisions"}],"predecessor-version":[{"id":7865,"href":"https:\/\/douxpavillon.fr\/en\/wp-json\/wp\/v2\/pages\/7862\/revisions\/7865"}],"wp:attachment":[{"href":"https:\/\/douxpavillon.fr\/en\/wp-json\/wp\/v2\/media?parent=7862"}],"curies":[{"name":"wp","href":"https:\/\/api.w.org\/{rel}","templated":true}]}}