{"id":2298,"date":"2024-07-28T13:25:02","date_gmt":"2024-07-28T13:25:02","guid":{"rendered":"https:\/\/douxpavillon.fr\/?page_id=2298"},"modified":"2026-03-07T15:28:24","modified_gmt":"2026-03-07T15:28:24","slug":"procedure-darrivee-le-boheme","status":"publish","type":"page","link":"https:\/\/douxpavillon.fr\/es\/procedure-darrivee-le-boheme\/","title":{"rendered":"Proc\u00e9dure d&rsquo;arriv\u00e9e \u00a0\u00bb Le Boh\u00e8me \u00ab\u00a0"},"content":{"rendered":"<div data-elementor-type=\"wp-page\" data-elementor-id=\"2298\" class=\"elementor elementor-2298\">\n\t\t\t\t<div class=\"elementor-element elementor-element-741b75c e-flex e-con-boxed e-con e-parent\" data-id=\"741b75c\" data-element_type=\"container\" data-e-type=\"container\">\n\t\t\t\t\t<div class=\"e-con-inner\">\n\t\t<div class=\"elementor-element elementor-element-4d910c0   e-con-full e-flex e-con e-child\" data-id=\"4d910c0\" data-element_type=\"container\" data-e-type=\"container\">\n\t\t\t\t<div class=\"elementor-element elementor-element-3eb0c29 elementor-widget__width-initial elementor-widget-mobile__width-inherit   elementor-widget elementor-widget-text-editor\" data-id=\"3eb0c29\" data-element_type=\"widget\" data-e-type=\"widget\" data-widget_type=\"text-editor.default\">\n\t\t\t\t<div class=\"elementor-widget-container\">\n\t\t\t\t\t\t\t\t\t<p><img decoding=\"async\" class=\"alignnone wp-image-542\" src=\"https:\/\/douxpavillon.fr\/wp-content\/uploads\/2024\/05\/Doux-pavillon-logo-2-1-300x300.png\" alt=\"\" width=\"58\" height=\"58\" \/>\"Le Boh\u00e8me\": centro de la ciudad + aparcamiento privado gratuito.<\/p>\t\t\t\t\t\t\t\t<\/div>\n\t\t\t\t<\/div>\n\t\t\t\t<\/div>\n\t\t\t\t\t<\/div>\n\t\t\t\t<\/div>\n\t\t<div class=\"elementor-element elementor-element-732bf52 e-flex e-con-boxed e-con e-parent\" data-id=\"732bf52\" data-element_type=\"container\" data-e-type=\"container\">\n\t\t\t\t\t<div class=\"e-con-inner\">\n\t\t\t\t<div class=\"elementor-element elementor-element-ea1c5c7 elementor-widget elementor-widget-text-editor\" data-id=\"ea1c5c7\" data-element_type=\"widget\" data-e-type=\"widget\" data-widget_type=\"text-editor.default\">\n\t\t\t\t<div class=\"elementor-widget-container\">\n\t\t\t\t\t\t\t\t\t<p>Gracias por reservar en Le Doux Pavillon \"Le Boh\u00e8me\". Le adjuntamos una gu\u00eda para su llegada independiente en el apartamento:\u00a0<\/p>\t\t\t\t\t\t\t\t<\/div>\n\t\t\t\t<\/div>\n\t\t\t\t\t<\/div>\n\t\t\t\t<\/div>\n\t\t<div class=\"elementor-element elementor-element-9d06fa9 e-flex e-con-boxed e-con e-parent\" data-id=\"9d06fa9\" data-element_type=\"container\" data-e-type=\"container\">\n\t\t\t\t\t<div class=\"e-con-inner\">\n\t\t\t\t<div class=\"elementor-element elementor-element-1a8681f elementor-widget elementor-widget-image\" data-id=\"1a8681f\" data-element_type=\"widget\" data-e-type=\"widget\" data-widget_type=\"image.default\">\n\t\t\t\t<div class=\"elementor-widget-container\">\n\t\t\t\t\t\t\t\t\t\t\t\t<figure class=\"wp-caption\">\n\t\t\t\t\t\t\t\t\t\t<img decoding=\"async\" src=\"https:\/\/douxpavillon.fr\/wp-content\/uploads\/2024\/07\/image00003-1-scaled.jpeg\" title=\"\" alt=\"\" loading=\"lazy\" \/>\t\t\t\t\t\t\t\t\t\t\t<figcaption class=\"widget-image-caption wp-caption-text\">Dir\u00edjase a 50 rue du Port, 63000 Clermont-Ferrand.<\/figcaption>\n\t\t\t\t\t\t\t\t\t\t<\/figure>\n\t\t\t\t\t\t\t\t\t<\/div>\n\t\t\t\t<\/div>\n\t\t\t\t\t<\/div>\n\t\t\t\t<\/div>\n\t\t<div class=\"elementor-element elementor-element-9c43ccc e-flex e-con-boxed e-con e-parent\" data-id=\"9c43ccc\" data-element_type=\"container\" data-e-type=\"container\">\n\t\t\t\t\t<div class=\"e-con-inner\">\n\t\t\t\t<div class=\"elementor-element elementor-element-248438f elementor-widget elementor-widget-image\" data-id=\"248438f\" data-element_type=\"widget\" data-e-type=\"widget\" data-widget_type=\"image.default\">\n\t\t\t\t<div class=\"elementor-widget-container\">\n\t\t\t\t\t\t\t\t\t\t\t\t<figure class=\"wp-caption\">\n\t\t\t\t\t\t\t\t\t\t<img fetchpriority=\"high\" decoding=\"async\" width=\"640\" height=\"1385\" src=\"https:\/\/douxpavillon.fr\/wp-content\/uploads\/2024\/07\/IMG_6466-768x1662.jpg\" class=\"attachment-medium_large size-medium_large wp-image-2300\" alt=\"\" srcset=\"https:\/\/douxpavillon.fr\/wp-content\/uploads\/2024\/07\/IMG_6466-768x1662.jpg 768w, https:\/\/douxpavillon.fr\/wp-content\/uploads\/2024\/07\/IMG_6466-139x300.jpg 139w, https:\/\/douxpavillon.fr\/wp-content\/uploads\/2024\/07\/IMG_6466-473x1024.jpg 473w, https:\/\/douxpavillon.fr\/wp-content\/uploads\/2024\/07\/IMG_6466-710x1536.jpg 710w, https:\/\/douxpavillon.fr\/wp-content\/uploads\/2024\/07\/IMG_6466-946x2048.jpg 946w, https:\/\/douxpavillon.fr\/wp-content\/uploads\/2024\/07\/IMG_6466-277x600.jpg 277w, https:\/\/douxpavillon.fr\/wp-content\/uploads\/2024\/07\/IMG_6466.jpg 1170w\" sizes=\"(max-width: 640px) 100vw, 640px\" \/>\t\t\t\t\t\t\t\t\t\t\t<figcaption class=\"widget-image-caption wp-caption-text\">Encontrar\u00e1 un teclado en la entrada, el c\u00f3digo de acceso es 7985.<\/figcaption>\n\t\t\t\t\t\t\t\t\t\t<\/figure>\n\t\t\t\t\t\t\t\t\t<\/div>\n\t\t\t\t<\/div>\n\t\t\t\t\t<\/div>\n\t\t\t\t<\/div>\n\t\t<div class=\"elementor-element elementor-element-94d10eb e-flex e-con-boxed e-con e-parent\" data-id=\"94d10eb\" data-element_type=\"container\" data-e-type=\"container\">\n\t\t\t\t\t<div class=\"e-con-inner\">\n\t\t<div class=\"elementor-element elementor-element-1af6339 e-grid e-con-full e-con e-child\" data-id=\"1af6339\" data-element_type=\"container\" data-e-type=\"container\">\n\t\t\t\t<div class=\"elementor-element elementor-element-f289a3b elementor-widget elementor-widget-image\" data-id=\"f289a3b\" data-element_type=\"widget\" data-e-type=\"widget\" data-widget_type=\"image.default\">\n\t\t\t\t<div class=\"elementor-widget-container\">\n\t\t\t\t\t\t\t\t\t\t\t\t\t\t\t<img decoding=\"async\" width=\"640\" height=\"480\" src=\"https:\/\/douxpavillon.fr\/wp-content\/uploads\/2025\/09\/IMG_1171-1-1024x768.jpg\" class=\"attachment-large size-large wp-image-7275\" alt=\"\" srcset=\"https:\/\/douxpavillon.fr\/wp-content\/uploads\/2025\/09\/IMG_1171-1-1024x768.jpg 1024w, https:\/\/douxpavillon.fr\/wp-content\/uploads\/2025\/09\/IMG_1171-1-300x225.jpg 300w, https:\/\/douxpavillon.fr\/wp-content\/uploads\/2025\/09\/IMG_1171-1-768x576.jpg 768w, https:\/\/douxpavillon.fr\/wp-content\/uploads\/2025\/09\/IMG_1171-1-1536x1153.jpg 1536w, https:\/\/douxpavillon.fr\/wp-content\/uploads\/2025\/09\/IMG_1171-1-2048x1537.jpg 2048w, https:\/\/douxpavillon.fr\/wp-content\/uploads\/2025\/09\/IMG_1171-1-16x12.jpg 16w, https:\/\/douxpavillon.fr\/wp-content\/uploads\/2025\/09\/IMG_1171-1-600x450.jpg 600w\" sizes=\"(max-width: 640px) 100vw, 640px\" \/>\t\t\t\t\t\t\t\t\t\t\t\t\t\t\t<\/div>\n\t\t\t\t<\/div>\n\t\t\t\t<div class=\"elementor-element elementor-element-134634b elementor-widget elementor-widget-image\" data-id=\"134634b\" data-element_type=\"widget\" data-e-type=\"widget\" data-widget_type=\"image.default\">\n\t\t\t\t<div class=\"elementor-widget-container\">\n\t\t\t\t\t\t\t\t\t\t\t\t\t\t\t<img loading=\"lazy\" decoding=\"async\" width=\"640\" height=\"480\" src=\"https:\/\/douxpavillon.fr\/wp-content\/uploads\/2025\/09\/IMG_1174-1024x768.jpg\" class=\"attachment-large size-large wp-image-7276\" alt=\"\" srcset=\"https:\/\/douxpavillon.fr\/wp-content\/uploads\/2025\/09\/IMG_1174-1024x768.jpg 1024w, https:\/\/douxpavillon.fr\/wp-content\/uploads\/2025\/09\/IMG_1174-300x225.jpg 300w, https:\/\/douxpavillon.fr\/wp-content\/uploads\/2025\/09\/IMG_1174-768x576.jpg 768w, https:\/\/douxpavillon.fr\/wp-content\/uploads\/2025\/09\/IMG_1174-1536x1152.jpg 1536w, https:\/\/douxpavillon.fr\/wp-content\/uploads\/2025\/09\/IMG_1174-2048x1536.jpg 2048w, https:\/\/douxpavillon.fr\/wp-content\/uploads\/2025\/09\/IMG_1174-16x12.jpg 16w, https:\/\/douxpavillon.fr\/wp-content\/uploads\/2025\/09\/IMG_1174-600x450.jpg 600w\" sizes=\"(max-width: 640px) 100vw, 640px\" \/>\t\t\t\t\t\t\t\t\t\t\t\t\t\t\t<\/div>\n\t\t\t\t<\/div>\n\t\t\t\t<\/div>\n\t\t\t\t<div class=\"elementor-element elementor-element-250660f elementor-widget elementor-widget-text-editor\" data-id=\"250660f\" data-element_type=\"widget\" data-e-type=\"widget\" data-widget_type=\"text-editor.default\">\n\t\t\t\t<div class=\"elementor-widget-container\">\n\t\t\t\t\t\t\t\t\t<p>Veuillez ouvrir la bo\u00eete au lettre en bas a droite nomm\u00e9 \u00a0\u00bb DOUX PAVILLON\u00a0\u00bb et entrer le code qui vous a \u00e9t\u00e9 communiqu\u00e9 (ce code n&rsquo;est valide qu&rsquo;\u00e0 partir de l&rsquo;heure d&rsquo;arriv\u00e9e). R\u00e9cup\u00e9rez la cl\u00e9 et refermez la bo\u00eete. P.S. : N&rsquo;oubliez pas de mettre le cadenas (<img decoding=\"async\" draggable=\"false\" role=\"img\" class=\"emoji\" alt=\"\ud83d\udd13\" src=\"https:\/\/s.w.org\/images\/core\/emoji\/16.0.1\/svg\/1f513.svg\">) \u00e0 la fin du code<\/p>\t\t\t\t\t\t\t\t<\/div>\n\t\t\t\t<\/div>\n\t\t\t\t<div class=\"elementor-element elementor-element-70fd1c3 elementor-widget elementor-widget-image\" data-id=\"70fd1c3\" data-element_type=\"widget\" data-e-type=\"widget\" data-widget_type=\"image.default\">\n\t\t\t\t<div class=\"elementor-widget-container\">\n\t\t\t\t\t\t\t\t\t\t\t\t<figure class=\"wp-caption\">\n\t\t\t\t\t\t\t\t\t\t<img loading=\"lazy\" decoding=\"async\" width=\"640\" height=\"480\" src=\"https:\/\/douxpavillon.fr\/wp-content\/uploads\/2025\/09\/IMG_1215-768x576.jpg\" class=\"attachment-medium_large size-medium_large wp-image-7277\" alt=\"\" srcset=\"https:\/\/douxpavillon.fr\/wp-content\/uploads\/2025\/09\/IMG_1215-768x576.jpg 768w, https:\/\/douxpavillon.fr\/wp-content\/uploads\/2025\/09\/IMG_1215-300x225.jpg 300w, https:\/\/douxpavillon.fr\/wp-content\/uploads\/2025\/09\/IMG_1215-1024x768.jpg 1024w, https:\/\/douxpavillon.fr\/wp-content\/uploads\/2025\/09\/IMG_1215-1536x1152.jpg 1536w, https:\/\/douxpavillon.fr\/wp-content\/uploads\/2025\/09\/IMG_1215-2048x1536.jpg 2048w, https:\/\/douxpavillon.fr\/wp-content\/uploads\/2025\/09\/IMG_1215-16x12.jpg 16w, https:\/\/douxpavillon.fr\/wp-content\/uploads\/2025\/09\/IMG_1215-600x450.jpg 600w\" sizes=\"(max-width: 640px) 100vw, 640px\" \/>\t\t\t\t\t\t\t\t\t\t\t<figcaption class=\"widget-image-caption wp-caption-text\">L\u2019appartement est situ\u00e9 au dernier \u00e9tage, sur votre droite.<\/figcaption>\n\t\t\t\t\t\t\t\t\t\t<\/figure>\n\t\t\t\t\t\t\t\t\t<\/div>\n\t\t\t\t<\/div>\n\t\t\t\t\t<\/div>\n\t\t\t\t<\/div>\n\t\t<div class=\"elementor-element elementor-element-022190d e-flex e-con-boxed e-con e-parent\" data-id=\"022190d\" data-element_type=\"container\" data-e-type=\"container\">\n\t\t\t\t\t<div class=\"e-con-inner\">\n\t\t\t\t<div class=\"elementor-element elementor-element-77f3c3b elementor-widget elementor-widget-text-editor\" data-id=\"77f3c3b\" data-element_type=\"widget\" data-e-type=\"widget\" data-widget_type=\"text-editor.default\">\n\t\t\t\t<div class=\"elementor-widget-container\">\n\t\t\t\t\t\t\t\t\t<p>Bienvenido a Boh\u00e8me <img decoding=\"async\" class=\"emoji\" role=\"img\" draggable=\"false\" src=\"https:\/\/s.w.org\/images\/core\/emoji\/15.0.3\/svg\/1f60a.svg\" alt=\"\ud83d\ude0a\" \/>. Si tiene alguna pregunta, no dude en ponerse en contacto con nosotros.<\/p><p>El equipo DOUX PAVILLON.<\/p>\t\t\t\t\t\t\t\t<\/div>\n\t\t\t\t<\/div>\n\t\t\t\t\t<\/div>\n\t\t\t\t<\/div>\n\t\t\t\t<\/div>","protected":false},"excerpt":{"rendered":"<p>\u00ab\u00a0Le Boh\u00e8me\u00a0\u00bb: centre-ville + parking priv\u00e9 gratuit. Merci d&rsquo;avoir r\u00e9serv\u00e9 au Doux Pavillon \u00ab Le Boh\u00e8me \u00bb. Veuillez trouver ci-joint un guide pour votre arriv\u00e9e autonome dans l&rsquo;appartement :\u00a0 Veuillez vous rendre au 50 rue du Port, 63000 Clermont-Ferrand. Vous trouverez un digicode \u00e0 l&rsquo;entr\u00e9e, le code d&rsquo;acc\u00e8s est 7985. Veuillez ouvrir la bo\u00eete au [&hellip;]<\/p>\n","protected":false},"author":0,"featured_media":0,"parent":0,"menu_order":0,"comment_status":"closed","ping_status":"closed","template":"","meta":{"inline_featured_image":false,"two_page_speed":[],"footnotes":""},"class_list":["post-2298","page","type-page","status-publish","hentry"],"_links":{"self":[{"href":"https:\/\/douxpavillon.fr\/es\/wp-json\/wp\/v2\/pages\/2298","targetHints":{"allow":["GET"]}}],"collection":[{"href":"https:\/\/douxpavillon.fr\/es\/wp-json\/wp\/v2\/pages"}],"about":[{"href":"https:\/\/douxpavillon.fr\/es\/wp-json\/wp\/v2\/types\/page"}],"replies":[{"embeddable":true,"href":"https:\/\/douxpavillon.fr\/es\/wp-json\/wp\/v2\/comments?post=2298"}],"version-history":[{"count":0,"href":"https:\/\/douxpavillon.fr\/es\/wp-json\/wp\/v2\/pages\/2298\/revisions"}],"wp:attachment":[{"href":"https:\/\/douxpavillon.fr\/es\/wp-json\/wp\/v2\/media?parent=2298"}],"curies":[{"name":"wp","href":"https:\/\/api.w.org\/{rel}","templated":true}]}}