{"id":2485,"date":"2024-07-31T08:16:05","date_gmt":"2024-07-31T08:16:05","guid":{"rendered":"https:\/\/douxpavillon.fr\/?page_id=2485"},"modified":"2024-08-02T12:52:23","modified_gmt":"2024-08-02T12:52:23","slug":"conditions-generales-dutilisation","status":"publish","type":"page","link":"https:\/\/douxpavillon.fr\/es\/conditions-generales-dutilisation\/","title":{"rendered":"CONDICIONES GENERALES DE USO"},"content":{"rendered":"<div data-elementor-type=\"wp-post\" data-elementor-id=\"2485\" class=\"elementor elementor-2485\">\n\t\t\t\t<div class=\"elementor-element elementor-element-zwrCvQG1 e-con-full   e-flex e-con e-parent\" data-id=\"zwrCvQG1\" data-element_type=\"container\" data-e-type=\"container\" data-settings=\"{&quot;background_background&quot;:&quot;classic&quot;}\">\n\t\t\t\t<div class=\"elementor-element elementor-element-IbdDsnbl elementor-widget__width-inherit elementor-widget-mobile__width-inherit   elementor-widget elementor-widget-text-editor\" data-id=\"IbdDsnbl\" data-element_type=\"widget\" data-e-type=\"widget\" data-widget_type=\"text-editor.default\">\n\t\t\t\t<div class=\"elementor-widget-container\">\n\t\t\t\t\t\t\t\t\t<h1><strong style=\"color: white;\">CONDICIONES GENERALES DE USO<\/strong><\/h1><p>\u00daltima fecha de actualizaci\u00f3n: 31\/07\/2024<\/p><p>\u00a0<\/p><p>Art\u00edculo 1 - AVISOS LEGALES<\/p><p>\u00a0<\/p><p>Este sitio, accesible en la URL douxpavillon.fr (el \"Sitio\"), es publicado por :<\/p><p>\u00a0<\/p><p>RF IMMO, sociedad con un capital social de 1.000 euros, inscrita en el Registro Mercantil y de Sociedades de PAR\u00cdS con el n\u00famero 982 964 355, con domicilio social en 9 rue des colonnes, 75002 Par\u00eds, representada por RF INVEST Holding, debidamente autorizada.<\/p><p>\u00a0<\/p><p>El Sitio est\u00e1 alojado por TenWeb, Inc. con domicilio en 40 E Main St, Suite 721, Newark, DE 19711, Estados Unidos (EIN: 38-4041069).<\/p><p>\u00a0<\/p><p>El Director de Publicaciones del sitio es RF INVEST.<\/p><p>\u00a0<\/p><p>Puede ponerse en contacto con el Operador en el siguiente n\u00famero de tel\u00e9fono 07 56 90 04 22 y en la siguiente direcci\u00f3n de correo electr\u00f3nico: contact@douxpavillon.fr<\/p><p>\u00a0<\/p><p>Art\u00edculo 2 - DESCRIPCI\u00d3N DEL SERVICIO<\/p><p>\u00a0<\/p><p>El Sitio se pone a disposici\u00f3n de cualquier persona que acceda a \u00e9l (el \"Usuario\") para reservar alojamientos tur\u00edsticos amueblados y comprar noches de alquiler de pisos, casas u otros tipos de alojamiento.<\/p><p>\u00a0<\/p><p>El Usuario es responsable de las modalidades y consecuencias de su acceso al Sitio, en particular a trav\u00e9s de Internet. Este acceso puede implicar el pago de tasas a proveedores de servicios t\u00e9cnicos, como los proveedores de acceso a Internet, que corren a cargo del Usuario. Adem\u00e1s, el Usuario deber\u00e1 proporcionar el equipo necesario para conectarse al Sitio y ser\u00e1 enteramente responsable del mismo.<\/p><p>\u00a0<\/p><p>El Usuario reconoce haber comprobado que la configuraci\u00f3n inform\u00e1tica que utiliza es segura y funciona correctamente. La informaci\u00f3n y los servicios ofrecidos por el Sitio son accesibles las 24 horas del d\u00eda, los 7 d\u00edas de la semana, salvo en caso de fuerza mayor, aver\u00eda inform\u00e1tica, operaciones de mantenimiento o problemas relacionados con las redes de telecomunicaciones.<\/p><p>\u00a0<\/p><p>Art\u00edculo 3 - PROPIEDAD INTELECTUAL Y LICENCIA DE USO DEL SITIO<\/p><p>\u00a0<\/p><p>El Operador es el \u00fanico propietario de todos los elementos presentes en el Sitio, en particular y sin limitaci\u00f3n, todos los textos, archivos, im\u00e1genes animadas o no, fotograf\u00edas, v\u00eddeos, logotipos, dibujos, modelos, software, marcas, identidad visual, base de datos, estructura del Sitio y todos los dem\u00e1s elementos de propiedad intelectual y otros datos o informaciones (en adelante, los \"Elementos\") que est\u00e1n protegidos por las leyes y reglamentos franceses e internacionales relativos en particular a la propiedad intelectual.<\/p><p>\u00a0<\/p><p>En consecuencia, ninguno de los Elementos del Sitio podr\u00e1, en su totalidad o en parte, ser modificado, reproducido, copiado, duplicado, vendido, revendido, transmitido, publicado, comunicado, distribuido, difundido, representado, almacenado, utilizado, alquilado o explotado de cualquier otra forma, ya sea a t\u00edtulo gratuito u oneroso, por un Usuario o por un tercero, cualesquiera que sean los medios y\/o soportes utilizados, conocidos o desconocidos hasta la fecha, sin la autorizaci\u00f3n previa, expresa y por escrito del Operador, caso por caso, siendo el Usuario el \u00fanico responsable de cualquier uso y\/o explotaci\u00f3n no autorizados.<\/p><p>\u00a0<\/p><p>ART\u00cdCULO 4 - RESPONSABILIDAD Y GARANT\u00cdA<\/p><p>\u00a0<\/p><p>El Usuario reconoce que las caracter\u00edsticas y limitaciones de Internet hacen imposible garantizar la seguridad, disponibilidad e integridad de las transmisiones de datos a trav\u00e9s de Internet. Por lo tanto, el Operador no garantiza que el Sitio y sus servicios funcionen sin interrupciones o errores de funcionamiento. En particular, su funcionamiento puede interrumpirse temporalmente para realizar tareas de mantenimiento, actualizaciones o mejoras t\u00e9cnicas, o para modificar su contenido y\/o presentaci\u00f3n.<\/p><p>\u00a0<\/p><p>El Operador no podr\u00e1 ser considerado responsable del uso del Sitio y de sus Elementos por parte de los Usuarios en violaci\u00f3n de las presentes Condiciones Generales de Uso, ni de los da\u00f1os directos o indirectos que dicho uso pueda causar a un Usuario o a un tercero. En particular, el Operador no podr\u00e1 ser considerado responsable de las declaraciones falsas realizadas por un Usuario o de su comportamiento frente a terceros. En caso de que se exija la responsabilidad del Operador como consecuencia de dicho comportamiento por parte de uno de sus Usuarios, \u00e9ste se compromete a indemnizar al Operador por cualquier sentencia dictada en su contra y a reembolsar al Operador todos los gastos, en particular los honorarios de abogados, incurridos en su defensa.<\/p><p>\u00a0<\/p><p>ART\u00cdCULO 5 - DATOS PERSONALES<\/p><p>\u00a0<\/p><p>Para m\u00e1s informaci\u00f3n sobre el uso de datos personales por parte del Operador, lea atentamente la Carta de confidencialidad (la \"Carta\"). Puede consultar esta Carta en el Sitio en cualquier momento.<\/p><p>\u00a0<\/p><p>Art\u00edculo 6 - ENLACES DE HIPERTEXTO<\/p><p>\u00a0<\/p><p>Los enlaces de hipertexto disponibles en el Sitio pueden conducir a sitios de terceros no publicados por el Operador. Se proporcionan \u00fanicamente para la comodidad del Usuario, con el fin de facilitar el uso de los recursos disponibles en Internet. Si el Usuario utiliza estos enlaces, abandonar\u00e1 el Sitio y aceptar\u00e1 utilizar los sitios de terceros por su cuenta y riesgo o, en su caso, de conformidad con las condiciones que los rigen.<\/p><p>\u00a0<\/p><p>El Usuario reconoce que el Operador no controla ni contribuye en modo alguno a la redacci\u00f3n de las condiciones de uso y\/o contenidos que se aplican o aparecen en estos sitios de terceros.<\/p><p>\u00a0<\/p><p>Por consiguiente, el Operador no podr\u00e1 ser considerado responsable en modo alguno de estos enlaces de hipertexto.<\/p><p>\u00a0<\/p><p>Adem\u00e1s, el Usuario reconoce que el Operador no avala, garantiza ni se hace cargo de la totalidad o parte de las condiciones de uso y\/o contenidos de estos sitios de terceros.<\/p><p>\u00a0<\/p><p>El Sitio tambi\u00e9n puede contener enlaces de hipertexto promocionales y\/o banners publicitarios que remitan a sitios de terceros no publicados por el Operador.<\/p><p>\u00a0<\/p><p>El Operador invita al Usuario a informarle de cualquier enlace de hipertexto presente en el Sitio que permita acceder a un sitio de terceros que ofrezca contenidos contrarios a la ley y\/o a las buenas costumbres.<\/p><p>\u00a0<\/p><p>El Usuario no podr\u00e1 utilizar y\/o insertar un enlace de hipertexto que apunte al sitio sin el acuerdo previo por escrito del Operador, caso por caso.<\/p><p>\u00a0<\/p><p>ART\u00cdCULO 7 - DISPOSICIONES GENERALES<\/p><p>\u00a0<\/p><p>**ACUERDO COMPLETO DE LAS PARTES** (EN FRANC\u00c9S)<\/p><p>\u00a0<\/p><p>Las presentes Condiciones Generales de Uso constituyen un contrato que regula la relaci\u00f3n entre el Usuario y el Operador. Constituyen la totalidad de los derechos y obligaciones del Operador y del Usuario relativos a su objeto. Si una o varias estipulaciones de las presentes Condiciones Generales de Uso son declaradas nulas en aplicaci\u00f3n de una ley, reglamento o a ra\u00edz de una decisi\u00f3n definitiva de un tribunal competente, las dem\u00e1s estipulaciones conservar\u00e1n toda su fuerza y alcance. Asimismo, el hecho de que una de las partes de estas Condiciones Generales de Uso no se aproveche del incumplimiento por la otra parte de cualquiera de las estipulaciones de estas Condiciones Generales de Uso no se interpretar\u00e1 como una renuncia por su parte a aprovecharse de dicho incumplimiento en el futuro.<\/p><p>\u00a0<\/p><p>**CAMBIOS EN LAS CONDICIONES DE USO<\/p><p>\u00a0<\/p><p>El Operador se reserva el derecho de modificar en cualquier momento y sin previo aviso el contenido del Sitio o los servicios disponibles en el mismo, y\/o de cesar temporal o permanentemente el funcionamiento de todo o parte del Sitio. Adem\u00e1s, el Operador se reserva el derecho de modificar la ubicaci\u00f3n del Sitio en Internet, as\u00ed como las presentes Condiciones Generales de Uso, en cualquier momento y sin previo aviso. Por lo tanto, el Usuario debe consultar las presentes Condiciones Generales de Uso antes de utilizar el Sitio. En caso de modificaciones materiales, el Usuario ser\u00e1 informado mediante un correo electr\u00f3nico y un aviso en el Sitio antes de que se aplique la modificaci\u00f3n. El Usuario reconoce que el Operador no podr\u00e1 ser considerado responsable en modo alguno frente al Usuario o frente a terceros como consecuencia de estas modificaciones, suspensiones o ceses.<\/p><p>\u00a0<\/p><p>**LEY APLICABLE<\/p><p>\u00a0<\/p><p>Las presentes Condiciones Generales de Uso se regir\u00e1n, interpretar\u00e1n y aplicar\u00e1n de conformidad con la legislaci\u00f3n francesa.<\/p><p>\u00a0<\/p><p>ACEPTACI\u00d3N DE LAS CONDICIONES GENERALES POR PARTE DEL USUARIO** **ACEPTACI\u00d3N DE LAS CONDICIONES GENERALES POR PARTE DEL USUARIO** **ACEPTACI\u00d3N DE LAS CONDICIONES GENERALES POR PARTE DEL USUARIO<\/p><p>\u00a0<\/p><p>Las presentes Condiciones Generales de Uso constituyen un contrato que rige las relaciones entre el Usuario y el Operador. Al reservar un alojamiento en nuestro sitio web, el Usuario confirma que ha le\u00eddo las Condiciones Generales de Uso y que las acepta sin reservas, quedando vinculado contractualmente por los t\u00e9rminos de las presentes Condiciones Generales de Uso. Las Condiciones Generales de Uso aplicables al Usuario son las publicadas en el Sitio Web. En caso de modificaci\u00f3n, el Operador publicar\u00e1 estos cambios en el Sitio para que el Usuario conozca qu\u00e9 informaci\u00f3n se recopila, c\u00f3mo se utiliza, en qu\u00e9 circunstancias y, en su caso, c\u00f3mo se divulga. En caso de modificaciones materiales, se informar\u00e1 al Usuario mediante un correo electr\u00f3nico y un aviso en el Sitio antes de que se aplique la modificaci\u00f3n.<\/p><p>\u00a0<\/p>\t\t\t\t\t\t\t\t<\/div>\n\t\t\t\t<\/div>\n\t\t<div class=\"elementor-element elementor-element-IJXep82i e-con-full   e-flex e-con e-child\" data-id=\"IJXep82i\" data-element_type=\"container\" data-e-type=\"container\">\n\t\t\t\t<\/div>\n\t\t\t\t<\/div>\n\t\t\t\t<\/div>","protected":false},"excerpt":{"rendered":"<p>CONDITIONS G\u00c9N\u00c9RALES D\u2019UTILISATION Date de derni\u00e8re mise \u00e0 jour : 31\/07\/2024 \u00a0 Article 1 \u2013 MENTIONS L\u00c9GALES \u00a0 Le pr\u00e9sent site, accessible \u00e0 l\u2019URL douxpavillon.fr (le \u00ab Site \u00bb), est \u00e9dit\u00e9 par : \u00a0 RF IMMO, soci\u00e9t\u00e9 au capital de 1000 euros, inscrite au R.C.S. de PARIS sous le num\u00e9ro 982 964 355, dont le [&hellip;]<\/p>\n","protected":false},"author":0,"featured_media":0,"parent":0,"menu_order":0,"comment_status":"closed","ping_status":"draft","template":"elementor_header_footer","meta":{"inline_featured_image":false,"two_page_speed":[],"footnotes":""},"class_list":["post-2485","page","type-page","status-publish","hentry"],"_links":{"self":[{"href":"https:\/\/douxpavillon.fr\/es\/wp-json\/wp\/v2\/pages\/2485","targetHints":{"allow":["GET"]}}],"collection":[{"href":"https:\/\/douxpavillon.fr\/es\/wp-json\/wp\/v2\/pages"}],"about":[{"href":"https:\/\/douxpavillon.fr\/es\/wp-json\/wp\/v2\/types\/page"}],"replies":[{"embeddable":true,"href":"https:\/\/douxpavillon.fr\/es\/wp-json\/wp\/v2\/comments?post=2485"}],"version-history":[{"count":0,"href":"https:\/\/douxpavillon.fr\/es\/wp-json\/wp\/v2\/pages\/2485\/revisions"}],"wp:attachment":[{"href":"https:\/\/douxpavillon.fr\/es\/wp-json\/wp\/v2\/media?parent=2485"}],"curies":[{"name":"wp","href":"https:\/\/api.w.org\/{rel}","templated":true}]}}