{"id":2540,"date":"2024-08-02T14:19:18","date_gmt":"2024-08-02T14:19:18","guid":{"rendered":"https:\/\/douxpavillon.fr\/?page_id=2540"},"modified":"2025-04-12T13:48:03","modified_gmt":"2025-04-12T13:48:03","slug":"conditions-generales-de-vente","status":"publish","type":"page","link":"https:\/\/douxpavillon.fr\/it\/conditions-generales-de-vente\/","title":{"rendered":"conditions g\u00e9n\u00e9rales de vente"},"content":{"rendered":"<div data-elementor-type=\"wp-post\" data-elementor-id=\"2540\" class=\"elementor elementor-2540\">\n\t\t\t\t<div class=\"elementor-element elementor-element-gPn6TMh1 e-con-full   e-flex e-con e-parent\" data-id=\"gPn6TMh1\" data-element_type=\"container\" data-e-type=\"container\" data-settings=\"{&quot;background_background&quot;:&quot;classic&quot;}\">\n\t\t\t\t<div class=\"elementor-element elementor-element-M8ac1Fzo elementor-widget__width-initial elementor-widget-mobile__width-inherit   elementor-widget elementor-widget-text-editor\" data-id=\"M8ac1Fzo\" data-element_type=\"widget\" data-e-type=\"widget\" data-widget_type=\"text-editor.default\">\n\t\t\t\t<div class=\"elementor-widget-container\">\n\t\t\t\t\t\t\t\t\t<h2 style=\"font-family: 'libre baskerville'; font-size: 3.75rem; line-height: 1.133em; color: #967d48; text-align: center;\">CONDIZIONI <strong style=\"font-weight: bold;\"> TERMINI E CONDIZIONI DI VENDITA<\/strong><\/h2><div><strong style=\"font-weight: bold;\"><br><\/strong><\/div>\n<p style=\"font-weight: bold; font-style: italic;\">Data dell'ultimo aggiornamento: 12\/04\/2025<\/p><p style=\"font-weight: bold; font-style: italic;\"><br><\/p>\n<p><strong>1 - Scopo<\/strong><\/p>\n<p>Le presenti Condizioni Generali di Vendita (CGV) regolano tutte le prenotazioni effettuate sul nostro sito web di affitti a breve termine. Prenotando un alloggio sul nostro sito web, accettate senza riserve questi termini e condizioni.<\/p><p><br><\/p>\n<p><strong>2 - Prenotazione e pagamento<\/strong><\/p>\n<p>Le prenotazioni diventano effettive non appena vengono effettuate.<\/p><p><br><\/p>\n<p><strong>3 - Cancellazione<\/strong><\/p>\n<p>\u00c8 possibile modificare o cancellare gratuitamente la prenotazione fino a 5 giorni prima della data di arrivo.<\/p>\n<p>Dopo questo termine, la prenotazione diventa non rimborsabile.<\/p>\n<p>Tutte le cancellazioni devono essere comunicate per iscritto al seguente indirizzo: contact@douxpavillon.fr.<\/p><p><br><\/p>\n<p><strong>4 - Arrivo e partenza<\/strong><\/p>\n<p>Gli alloggi sono disponibili dalle ore 17.00 del giorno di arrivo e devono essere lasciati entro le ore 11.00 del giorno di partenza.<\/p><p><br><\/p>\n<p><strong>5 - Utilizzo dei locali<\/strong><\/p>\n<p>L'inquilino si impegna a utilizzare i locali in modo pacifico e a rispettare i vicini. Qualsiasi disturbo arrecato ai vicini pu\u00f2 comportare l'immediata cessazione della locazione senza alcun rimborso.<\/p><p><br><\/p>\n<p><strong>6 - Deposito cauzionale<\/strong><\/p>\n<p>Prima dell'arrivo \u00e8 previsto il pagamento di un deposito tramite pre-autorizzazione bancaria. Questa procedura non comporta un addebito immediato sul vostro conto, ma alcune banche potrebbero bloccare l'importo per verificare la disponibilit\u00e0 dei fondi. Il deposito sar\u00e0 rimborsato entro 7 giorni dalla partenza, a condizione che non si siano verificati danni.<\/p><p><br><\/p>\n<p><strong>7 - Responsabilit\u00e0<\/strong><\/p>\n<p>Non ci assumiamo alcuna responsabilit\u00e0 per furti, smarrimenti o danni agli effetti personali del locatario. Il locatario \u00e8 responsabile di eventuali danni causati da lui stesso o dai suoi accompagnatori durante il periodo di locazione.<\/p><p><br><\/p>\n<p><strong>8 - Controversie<\/strong><\/p>\n<p>Qualsiasi controversia relativa all'esecuzione o all'interpretazione delle presenti CGV sar\u00e0 sottoposta al tribunale competente del luogo in cui si trova l'immobile locato.<\/p>\t\t\t\t\t\t\t\t<\/div>\n\t\t\t\t<\/div>\n\t\t<div class=\"elementor-element elementor-element-HoyqruNn e-con-full   e-flex e-con e-child\" data-id=\"HoyqruNn\" data-element_type=\"container\" data-e-type=\"container\">\n\t\t\t\t<\/div>\n\t\t\t\t<\/div>\n\t\t\t\t<\/div>","protected":false},"excerpt":{"rendered":"<p>CONDITIONS G\u00c9N\u00c9RALES DE VENTE Date de derni\u00e8re mise \u00e0 jour : 12\/04\/2025 1 &#8211; Objet Les pr\u00e9sentes Conditions G\u00e9n\u00e9rales de Vente (CGV) r\u00e9gissent toutes les r\u00e9servations effectu\u00e9es sur notre site de location courte dur\u00e9e. En r\u00e9servant un logement sur notre site, vous acceptez sans r\u00e9serve les pr\u00e9sentes CGV. 2 &#8211; R\u00e9servation et Paiement La r\u00e9servation [&hellip;]<\/p>\n","protected":false},"author":0,"featured_media":0,"parent":0,"menu_order":0,"comment_status":"closed","ping_status":"draft","template":"elementor_header_footer","meta":{"inline_featured_image":false,"two_page_speed":[],"footnotes":""},"class_list":["post-2540","page","type-page","status-publish","hentry"],"_links":{"self":[{"href":"https:\/\/douxpavillon.fr\/it\/wp-json\/wp\/v2\/pages\/2540","targetHints":{"allow":["GET"]}}],"collection":[{"href":"https:\/\/douxpavillon.fr\/it\/wp-json\/wp\/v2\/pages"}],"about":[{"href":"https:\/\/douxpavillon.fr\/it\/wp-json\/wp\/v2\/types\/page"}],"replies":[{"embeddable":true,"href":"https:\/\/douxpavillon.fr\/it\/wp-json\/wp\/v2\/comments?post=2540"}],"version-history":[{"count":0,"href":"https:\/\/douxpavillon.fr\/it\/wp-json\/wp\/v2\/pages\/2540\/revisions"}],"wp:attachment":[{"href":"https:\/\/douxpavillon.fr\/it\/wp-json\/wp\/v2\/media?parent=2540"}],"curies":[{"name":"wp","href":"https:\/\/api.w.org\/{rel}","templated":true}]}}