{"id":5492,"date":"2024-09-11T15:39:13","date_gmt":"2024-09-11T15:39:13","guid":{"rendered":"https:\/\/douxpavillon.fr\/?page_id=5492"},"modified":"2025-02-19T12:55:14","modified_gmt":"2025-02-19T12:55:14","slug":"procedure-grellet","status":"publish","type":"page","link":"https:\/\/douxpavillon.fr\/it\/procedure-grellet\/","title":{"rendered":"Proc\u00e9dure grellet"},"content":{"rendered":"<div data-elementor-type=\"wp-post\" data-elementor-id=\"5492\" class=\"elementor elementor-5492\">\n\t\t\t\t<div class=\"elementor-element elementor-element-13PsnTZM   e-flex e-con-boxed e-con e-parent\" data-id=\"13PsnTZM\" data-element_type=\"container\" data-e-type=\"container\">\n\t\t\t\t\t<div class=\"e-con-inner\">\n\t\t<div class=\"elementor-element elementor-element-19a5f77 e-con-full e-flex e-con e-child\" data-id=\"19a5f77\" data-element_type=\"container\" data-e-type=\"container\">\n\t\t<div class=\"elementor-element elementor-element-ade4543 e-con-full e-flex e-con e-child\" data-id=\"ade4543\" data-element_type=\"container\" data-e-type=\"container\">\n\t\t\t\t<div class=\"elementor-element elementor-element-9541684 elementor-widget__width-initial elementor-widget-mobile__width-inherit   elementor-widget elementor-widget-text-editor\" data-id=\"9541684\" data-element_type=\"widget\" data-e-type=\"widget\" data-widget_type=\"text-editor.default\">\n\t\t\t\t<div class=\"elementor-widget-container\">\n\t\t\t\t\t\t\t\t\t<p><img decoding=\"async\" class=\"alignnone wp-image-542\" src=\"https:\/\/douxpavillon.fr\/wp-content\/uploads\/2024\/05\/Doux-pavillon-logo-2-1-300x300.png\" alt=\"\" width=\"58\" height=\"58\" \/>La Canop\u00e9e: 8min \u00e0 pied de la gare<\/p>\t\t\t\t\t\t\t\t<\/div>\n\t\t\t\t<\/div>\n\t\t\t\t<\/div>\n\t\t<div class=\"elementor-element elementor-element-8f75836 e-con-full e-flex e-con e-child\" data-id=\"8f75836\" data-element_type=\"container\" data-e-type=\"container\">\n\t\t\t\t<div class=\"elementor-element elementor-element-9013211 elementor-widget elementor-widget-text-editor\" data-id=\"9013211\" data-element_type=\"widget\" data-e-type=\"widget\" data-widget_type=\"text-editor.default\">\n\t\t\t\t<div class=\"elementor-widget-container\">\n\t\t\t\t\t\t\t\t\t<p>Merci d&rsquo;avoir r\u00e9serv\u00e9 au Doux Pavillon \u00ab\u00a0La Canop\u00e9e\u00a0\u00bb. Veuillez trouver ci-joint un guide pour votre arriv\u00e9e autonome :\u00a0<\/p>\t\t\t\t\t\t\t\t<\/div>\n\t\t\t\t<\/div>\n\t\t\t\t<div class=\"elementor-element elementor-element-2778640 elementor-widget elementor-widget-video\" data-id=\"2778640\" data-element_type=\"widget\" data-e-type=\"widget\" data-settings=\"{&quot;youtube_url&quot;:&quot;https:\\\/\\\/youtu.be\\\/K93K9gsCtxY&quot;,&quot;video_type&quot;:&quot;youtube&quot;,&quot;controls&quot;:&quot;yes&quot;}\" data-widget_type=\"video.default\">\n\t\t\t\t<div class=\"elementor-widget-container\">\n\t\t\t\t\t\t\t<div class=\"elementor-wrapper elementor-open-inline\">\n\t\t\t<div class=\"elementor-video\"><\/div>\t\t<\/div>\n\t\t\t\t\t\t<\/div>\n\t\t\t\t<\/div>\n\t\t\t\t<\/div>\n\t\t\t\t<\/div>\n\t\t\t\t\t<\/div>\n\t\t\t\t<\/div>\n\t\t<div class=\"elementor-element elementor-element-8PPWBWUy   e-flex e-con-boxed e-con e-parent\" data-id=\"8PPWBWUy\" data-element_type=\"container\" data-e-type=\"container\">\n\t\t\t\t\t<div class=\"e-con-inner\">\n\t\t\t\t<div class=\"elementor-element elementor-element-1CkgZ2Vk elementor-widget__width-inherit elementor-widget-mobile__width-inherit   elementor-widget elementor-widget-text-editor\" data-id=\"1CkgZ2Vk\" data-element_type=\"widget\" data-e-type=\"widget\" data-widget_type=\"text-editor.default\">\n\t\t\t\t<div class=\"elementor-widget-container\">\n\t\t\t\t\t\t\t\t\t<p>Benvenuti <img decoding=\"async\" class=\"emoji\" role=\"img\" draggable=\"false\" src=\"https:\/\/s.w.org\/images\/core\/emoji\/15.0.3\/svg\/1f60a.svg\" alt=\"\ud83d\ude0a\" \/>. Se avete domande, non esitate a contattarci.<\/p><p>Il team DOUX PAVILLON.<\/p>\t\t\t\t\t\t\t\t<\/div>\n\t\t\t\t<\/div>\n\t\t\t\t\t<\/div>\n\t\t\t\t<\/div>\n\t\t\t\t<\/div>","protected":false},"excerpt":{"rendered":"<p>La Canop\u00e9e: 8min \u00e0 pied de la gare Merci d&rsquo;avoir r\u00e9serv\u00e9 au Doux Pavillon \u00ab\u00a0La Canop\u00e9e\u00a0\u00bb. Veuillez trouver ci-joint un guide pour votre arriv\u00e9e autonome :\u00a0 https:\/\/youtu.be\/K93K9gsCtxY Bienvenue . Si vous avez des questions, n\u2019h\u00e9sitez pas \u00e0 nous contacter. L\u2019\u00e9quipe DOUX PAVILLON.<\/p>","protected":false},"author":0,"featured_media":0,"parent":0,"menu_order":0,"comment_status":"closed","ping_status":"draft","template":"elementor_header_footer","meta":{"inline_featured_image":false,"two_page_speed":[],"footnotes":""},"class_list":["post-5492","page","type-page","status-publish","hentry"],"_links":{"self":[{"href":"https:\/\/douxpavillon.fr\/it\/wp-json\/wp\/v2\/pages\/5492","targetHints":{"allow":["GET"]}}],"collection":[{"href":"https:\/\/douxpavillon.fr\/it\/wp-json\/wp\/v2\/pages"}],"about":[{"href":"https:\/\/douxpavillon.fr\/it\/wp-json\/wp\/v2\/types\/page"}],"replies":[{"embeddable":true,"href":"https:\/\/douxpavillon.fr\/it\/wp-json\/wp\/v2\/comments?post=5492"}],"version-history":[{"count":0,"href":"https:\/\/douxpavillon.fr\/it\/wp-json\/wp\/v2\/pages\/5492\/revisions"}],"wp:attachment":[{"href":"https:\/\/douxpavillon.fr\/it\/wp-json\/wp\/v2\/media?parent=5492"}],"curies":[{"name":"wp","href":"https:\/\/api.w.org\/{rel}","templated":true}]}}