{"id":6705,"date":"2025-02-19T13:21:33","date_gmt":"2025-02-19T13:21:33","guid":{"rendered":"https:\/\/douxpavillon.fr\/?page_id=6705"},"modified":"2025-05-07T13:50:30","modified_gmt":"2025-05-07T13:50:30","slug":"procedure-le-celeste","status":"publish","type":"page","link":"https:\/\/douxpavillon.fr\/pt\/procedure-le-celeste\/","title":{"rendered":"Proc\u00e9dure le c\u00e9leste"},"content":{"rendered":"<div data-elementor-type=\"wp-post\" data-elementor-id=\"6705\" class=\"elementor elementor-6705\">\n\t\t\t\t<div class=\"elementor-element elementor-element-gbC1ENp4 e-con-full   e-flex e-con e-parent\" data-id=\"gbC1ENp4\" data-element_type=\"container\" data-e-type=\"container\">\n\t\t<div class=\"elementor-element elementor-element-90e45af e-flex e-con-boxed e-con e-child\" data-id=\"90e45af\" data-element_type=\"container\" data-e-type=\"container\">\n\t\t\t\t\t<div class=\"e-con-inner\">\n\t\t<div class=\"elementor-element elementor-element-ef6e79b e-con-full e-flex e-con e-child\" data-id=\"ef6e79b\" data-element_type=\"container\" data-e-type=\"container\">\n\t\t<div class=\"elementor-element elementor-element-6832d04 e-con-full e-flex e-con e-child\" data-id=\"6832d04\" data-element_type=\"container\" data-e-type=\"container\">\n\t\t\t\t<div class=\"elementor-element elementor-element-ac8c545 elementor-widget__width-initial elementor-widget-mobile__width-inherit   elementor-widget elementor-widget-text-editor\" data-id=\"ac8c545\" data-element_type=\"widget\" data-e-type=\"widget\" data-widget_type=\"text-editor.default\">\n\t\t\t\t<div class=\"elementor-widget-container\">\n\t\t\t\t\t\t\t\t\t<p><img decoding=\"async\" class=\"alignnone wp-image-542\" src=\"https:\/\/douxpavillon.fr\/wp-content\/uploads\/2024\/05\/Doux-pavillon-logo-2-1-300x300.png\" alt=\"\" width=\"58\" height=\"58\" \/>Le C\u00e9leste : Parc T\u00eate d'Or (10min) \/ INSA (7min)<\/p>\t\t\t\t\t\t\t\t<\/div>\n\t\t\t\t<\/div>\n\t\t\t\t<\/div>\n\t\t<div class=\"elementor-element elementor-element-a5905ec e-con-full e-flex e-con e-child\" data-id=\"a5905ec\" data-element_type=\"container\" data-e-type=\"container\">\n\t\t\t\t<div class=\"elementor-element elementor-element-f7c2cff elementor-widget elementor-widget-text-editor\" data-id=\"f7c2cff\" data-element_type=\"widget\" data-e-type=\"widget\" data-widget_type=\"text-editor.default\">\n\t\t\t\t<div class=\"elementor-widget-container\">\n\t\t\t\t\t\t\t\t\t<p>Obrigado por reservar no Le C\u00e9leste. Em anexo, encontra-se um guia para a sua chegada independente:\u00a0<\/p>\t\t\t\t\t\t\t\t<\/div>\n\t\t\t\t<\/div>\n\t\t\t\t<div class=\"elementor-element elementor-element-675a926 elementor-widget elementor-widget-video\" data-id=\"675a926\" data-element_type=\"widget\" data-e-type=\"widget\" data-settings=\"{&quot;youtube_url&quot;:&quot;https:\\\/\\\/youtu.be\\\/BOFZ7-17YXY&quot;,&quot;video_type&quot;:&quot;youtube&quot;,&quot;controls&quot;:&quot;yes&quot;}\" data-widget_type=\"video.default\">\n\t\t\t\t<div class=\"elementor-widget-container\">\n\t\t\t\t\t\t\t<div class=\"elementor-wrapper elementor-open-inline\">\n\t\t\t<div class=\"elementor-video\"><\/div>\t\t<\/div>\n\t\t\t\t\t\t<\/div>\n\t\t\t\t<\/div>\n\t\t\t\t<\/div>\n\t\t\t\t<\/div>\n\t\t<div class=\"elementor-element elementor-element-edf9a93 e-con-full e-flex e-con e-child\" data-id=\"edf9a93\" data-element_type=\"container\" data-e-type=\"container\">\n\t\t\t\t<div class=\"elementor-element elementor-element-b3d1977 elementor-widget elementor-widget-text-editor\" data-id=\"b3d1977\" data-element_type=\"widget\" data-e-type=\"widget\" data-widget_type=\"text-editor.default\">\n\t\t\t\t<div class=\"elementor-widget-container\">\n\t\t\t\t\t\t\t\t\t<p>Instru\u00e7\u00f5es de acesso :<\/p><p>\u00a0<\/p><p><img fetchpriority=\"high\" decoding=\"async\" class=\"size-medium wp-image-7127 aligncenter\" src=\"https:\/\/douxpavillon.fr\/wp-content\/uploads\/2025\/05\/IMG_8830-225x300.jpg\" alt=\"\" width=\"225\" height=\"300\" srcset=\"https:\/\/douxpavillon.fr\/wp-content\/uploads\/2025\/05\/IMG_8830-225x300.jpg 225w, https:\/\/douxpavillon.fr\/wp-content\/uploads\/2025\/05\/IMG_8830-768x1024.jpg 768w, https:\/\/douxpavillon.fr\/wp-content\/uploads\/2025\/05\/IMG_8830-1153x1536.jpg 1153w, https:\/\/douxpavillon.fr\/wp-content\/uploads\/2025\/05\/IMG_8830-1537x2048.jpg 1537w, https:\/\/douxpavillon.fr\/wp-content\/uploads\/2025\/05\/IMG_8830-9x12.jpg 9w, https:\/\/douxpavillon.fr\/wp-content\/uploads\/2025\/05\/IMG_8830-450x600.jpg 450w, https:\/\/douxpavillon.fr\/wp-content\/uploads\/2025\/05\/IMG_8830.jpg 1576w\" sizes=\"(max-width: 225px) 100vw, 225px\" \/><\/p><p>\u00a0<\/p><ul><li data-start=\"0\" data-end=\"172\"><p data-start=\"3\" data-end=\"172\">Dirija-se ao n\u00famero 98 da avenida Roger Salengro. Introduza o c\u00f3digo e, em seguida, puxe a patilha da caixa das chaves para recuperar o porta-chaves. N\u00e3o se esque\u00e7a de fechar a caixa.<\/p><\/li><li data-start=\"174\" data-end=\"277\"><p data-start=\"177\" data-end=\"277\">Em seguida, dirija-se ao n\u00famero 102 da avenida Roger Salengro e utilize o crach\u00e1 para entrar no edif\u00edcio.<\/p><\/li><li data-start=\"279\" data-end=\"375\"><p data-start=\"282\" data-end=\"375\">Apanhe o elevador para o 5\u00ba andar. Ao sair, o apartamento fica \u00e0 sua esquerda.<\/p><\/li><\/ul>\t\t\t\t\t\t\t\t<\/div>\n\t\t\t\t<\/div>\n\t\t\t\t<\/div>\n\t\t\t\t\t<\/div>\n\t\t\t\t<\/div>\n\t\t\t\t<\/div>\n\t\t<div class=\"elementor-element elementor-element-zdlw1DTp   e-flex e-con-boxed e-con e-parent\" data-id=\"zdlw1DTp\" data-element_type=\"container\" data-e-type=\"container\">\n\t\t\t\t\t<div class=\"e-con-inner\">\n\t\t<div class=\"elementor-element elementor-element-4595052   e-con-full e-flex e-con e-child\" data-id=\"4595052\" data-element_type=\"container\" data-e-type=\"container\">\n\t\t\t\t<div class=\"elementor-element elementor-element-c793435 elementor-widget__width-inherit elementor-widget-mobile__width-inherit   elementor-widget elementor-widget-text-editor\" data-id=\"c793435\" data-element_type=\"widget\" data-e-type=\"widget\" data-widget_type=\"text-editor.default\">\n\t\t\t\t<div class=\"elementor-widget-container\">\n\t\t\t\t\t\t\t\t\t<p>Bem-vindo <img decoding=\"async\" class=\"emoji\" role=\"img\" draggable=\"false\" src=\"https:\/\/s.w.org\/images\/core\/emoji\/15.0.3\/svg\/1f60a.svg\" alt=\"\ud83d\ude0a\" \/>. Se tiver alguma d\u00favida, n\u00e3o hesite em contactar-nos.<\/p><p>A equipa DOUX PAVILLON.<\/p>\t\t\t\t\t\t\t\t<\/div>\n\t\t\t\t<\/div>\n\t\t\t\t<\/div>\n\t\t\t\t\t<\/div>\n\t\t\t\t<\/div>\n\t\t\t\t<\/div>","protected":false},"excerpt":{"rendered":"<p>Le C\u00e9leste : Parc T\u00eate d&rsquo;Or (10min) \/ INSA (7min) Merci d&rsquo;avoir r\u00e9serv\u00e9 au \u00ab\u00a0C\u00e9leste\u00a0\u00bb. Veuillez trouver ci-joint un guide pour votre arriv\u00e9e autonome :\u00a0 https:\/\/youtu.be\/BOFZ7-17YXY Instruction d&rsquo;acc\u00e8s : \u00a0 \u00a0 Rendez-vous au 98 avenue Roger Salengro. Entrez le code, puis tirez sur la languette de la bo\u00eete \u00e0 cl\u00e9 pour r\u00e9cup\u00e9rer le trousseau. N&rsquo;oubliez [&hellip;]<\/p>\n","protected":false},"author":0,"featured_media":0,"parent":0,"menu_order":0,"comment_status":"closed","ping_status":"draft","template":"elementor_header_footer","meta":{"inline_featured_image":false,"two_page_speed":[],"footnotes":""},"class_list":["post-6705","page","type-page","status-publish","hentry"],"_links":{"self":[{"href":"https:\/\/douxpavillon.fr\/pt\/wp-json\/wp\/v2\/pages\/6705","targetHints":{"allow":["GET"]}}],"collection":[{"href":"https:\/\/douxpavillon.fr\/pt\/wp-json\/wp\/v2\/pages"}],"about":[{"href":"https:\/\/douxpavillon.fr\/pt\/wp-json\/wp\/v2\/types\/page"}],"replies":[{"embeddable":true,"href":"https:\/\/douxpavillon.fr\/pt\/wp-json\/wp\/v2\/comments?post=6705"}],"version-history":[{"count":0,"href":"https:\/\/douxpavillon.fr\/pt\/wp-json\/wp\/v2\/pages\/6705\/revisions"}],"wp:attachment":[{"href":"https:\/\/douxpavillon.fr\/pt\/wp-json\/wp\/v2\/media?parent=6705"}],"curies":[{"name":"wp","href":"https:\/\/api.w.org\/{rel}","templated":true}]}}