{"id":7248,"date":"2025-09-04T19:25:17","date_gmt":"2025-09-04T19:25:17","guid":{"rendered":"https:\/\/douxpavillon.fr\/?page_id=7248"},"modified":"2025-09-04T20:12:42","modified_gmt":"2025-09-04T20:12:42","slug":"procedure-evasion","status":"publish","type":"page","link":"https:\/\/douxpavillon.fr\/pt\/procedure-evasion\/","title":{"rendered":"Proc\u00e9dure \u00e9vasion"},"content":{"rendered":"<div data-elementor-type=\"wp-post\" data-elementor-id=\"7248\" class=\"elementor elementor-7248\">\n\t\t\t\t<div class=\"elementor-element elementor-element-5yQLePSh e-con-full   e-flex e-con e-parent\" data-id=\"5yQLePSh\" data-element_type=\"container\" data-e-type=\"container\">\n\t\t\t\t<div class=\"elementor-element elementor-element-5OhS1bUR elementor-widget__width-initial elementor-widget-mobile__width-inherit elementor-position-left elementor-vertical-align-middle   elementor-widget elementor-widget-image-box\" data-id=\"5OhS1bUR\" data-element_type=\"widget\" data-e-type=\"widget\" data-widget_type=\"image-box.default\">\n\t\t\t\t<div class=\"elementor-widget-container\">\n\t\t\t\t\t<div class=\"elementor-image-box-wrapper\"><figure class=\"elementor-image-box-img\"><img fetchpriority=\"high\" decoding=\"async\" width=\"300\" height=\"300\" src=\"https:\/\/douxpavillon.fr\/wp-content\/uploads\/2025\/09\/Doux-pavillon-logo-2-1-300x300.png\" class=\"attachment-full size-full wp-image-7243\" alt=\"\" srcset=\"https:\/\/douxpavillon.fr\/wp-content\/uploads\/2025\/09\/Doux-pavillon-logo-2-1-300x300.png 300w, https:\/\/douxpavillon.fr\/wp-content\/uploads\/2025\/09\/Doux-pavillon-logo-2-1-300x300-150x150.png 150w, https:\/\/douxpavillon.fr\/wp-content\/uploads\/2025\/09\/Doux-pavillon-logo-2-1-300x300-12x12.png 12w\" sizes=\"(max-width: 300px) 100vw, 300px\" \/><\/figure><div class=\"elementor-image-box-content\"><p class=\"elementor-image-box-description\">L'\u00e9vasion : Jacuzzi &amp; Sauna <\/p><\/div><\/div>\t\t\t\t<\/div>\n\t\t\t\t<\/div>\n\t\t\t\t<\/div>\n\t\t<div class=\"elementor-element elementor-element-sD2W9Obm   e-flex e-con-boxed e-con e-parent\" data-id=\"sD2W9Obm\" data-element_type=\"container\" data-e-type=\"container\">\n\t\t\t\t\t<div class=\"e-con-inner\">\n\t\t\t\t<div class=\"elementor-element elementor-element-Lo2SNyd7 elementor-widget__width-inherit elementor-widget-mobile__width-inherit   elementor-widget elementor-widget-text-editor\" data-id=\"Lo2SNyd7\" data-element_type=\"widget\" data-e-type=\"widget\" data-widget_type=\"text-editor.default\">\n\t\t\t\t<div class=\"elementor-widget-container\">\n\t\t\t\t\t\t\t\t\t<p>Merci d\u2019avoir r\u00e9serv\u00e9 a L&rsquo;\u00e9vasion. Veuillez trouver ci-joint un guide pour votre arriv\u00e9e autonome :<\/p>\t\t\t\t\t\t\t\t<\/div>\n\t\t\t\t<\/div>\n\t\t\t\t\t<\/div>\n\t\t\t\t<\/div>\n\t\t<div class=\"elementor-element elementor-element-uPvNX9r1   e-con-full e-flex e-con e-parent\" data-id=\"uPvNX9r1\" data-element_type=\"container\" data-e-type=\"container\">\n\t\t\t\t<div class=\"elementor-element elementor-element-YtDWUaTz elementor-widget__width-inherit elementor-widget-mobile__width-inherit   elementor-widget elementor-widget-text-editor\" data-id=\"YtDWUaTz\" data-element_type=\"widget\" data-e-type=\"widget\" data-widget_type=\"text-editor.default\">\n\t\t\t\t<div class=\"elementor-widget-container\">\n\t\t\t\t\t\t\t\t\t<p>Guide d\u2019arriv\u00e9e en voiture :<\/p>\t\t\t\t\t\t\t\t<\/div>\n\t\t\t\t<\/div>\n\t\t\t\t<div class=\"elementor-element elementor-element-aad4179 elementor-widget elementor-widget-video\" data-id=\"aad4179\" data-element_type=\"widget\" data-e-type=\"widget\" data-settings=\"{&quot;youtube_url&quot;:&quot;https:\\\/\\\/youtu.be\\\/ligIBSPMChw&quot;,&quot;video_type&quot;:&quot;youtube&quot;,&quot;controls&quot;:&quot;yes&quot;}\" data-widget_type=\"video.default\">\n\t\t\t\t<div class=\"elementor-widget-container\">\n\t\t\t\t\t\t\t<div class=\"elementor-wrapper elementor-open-inline\">\n\t\t\t<div class=\"elementor-video\"><\/div>\t\t<\/div>\n\t\t\t\t\t\t<\/div>\n\t\t\t\t<\/div>\n\t\t\t\t<div class=\"elementor-element elementor-element-b5ebe3a elementor-widget elementor-widget-spacer\" data-id=\"b5ebe3a\" data-element_type=\"widget\" data-e-type=\"widget\" data-widget_type=\"spacer.default\">\n\t\t\t\t<div class=\"elementor-widget-container\">\n\t\t\t\t\t\t\t<div class=\"elementor-spacer\">\n\t\t\t<div class=\"elementor-spacer-inner\"><\/div>\n\t\t<\/div>\n\t\t\t\t\t\t<\/div>\n\t\t\t\t<\/div>\n\t\t\t\t<\/div>\n\t\t<div class=\"elementor-element elementor-element-X2MTqgRK   e-flex e-con-boxed e-con e-parent\" data-id=\"X2MTqgRK\" data-element_type=\"container\" data-e-type=\"container\">\n\t\t\t\t\t<div class=\"e-con-inner\">\n\t\t\t\t<div class=\"elementor-element elementor-element-knYjihk9 elementor-widget__width-initial elementor-widget-mobile__width-inherit   elementor-widget elementor-widget-text-editor\" data-id=\"knYjihk9\" data-element_type=\"widget\" data-e-type=\"widget\" data-widget_type=\"text-editor.default\">\n\t\t\t\t<div class=\"elementor-widget-container\">\n\t\t\t\t\t\t\t\t\t<p>Bem-vindo <img decoding=\"async\" class=\"lazy emoji two_elementor_element entered loaded\" role=\"img\" draggable=\"false\" src=\"https:\/\/s.w.org\/images\/core\/emoji\/15.0.3\/svg\/1f60a.svg\" alt=\"\ud83d\ude0a\" data-src=\"https:\/\/s.w.org\/images\/core\/emoji\/15.0.3\/svg\/1f60a.svg\" data-ll-status=\"loaded\" \/>. Se tiver alguma d\u00favida, n\u00e3o hesite em contactar-nos.<\/p>\t\t\t\t\t\t\t\t<\/div>\n\t\t\t\t<\/div>\n\t\t\t\t\t<\/div>\n\t\t\t\t<\/div>\n\t\t<div class=\"elementor-element elementor-element-m0mujVgc   e-flex e-con-boxed e-con e-parent\" data-id=\"m0mujVgc\" data-element_type=\"container\" data-e-type=\"container\">\n\t\t\t\t\t<div class=\"e-con-inner\">\n\t\t\t\t<div class=\"elementor-element elementor-element-wZhG405E elementor-widget__width-inherit elementor-widget-mobile__width-inherit   elementor-widget elementor-widget-text-editor\" data-id=\"wZhG405E\" data-element_type=\"widget\" data-e-type=\"widget\" data-widget_type=\"text-editor.default\">\n\t\t\t\t<div class=\"elementor-widget-container\">\n\t\t\t\t\t\t\t\t\t<p>A equipa DOUX PAVILLON.<\/p>\t\t\t\t\t\t\t\t<\/div>\n\t\t\t\t<\/div>\n\t\t\t\t\t<\/div>\n\t\t\t\t<\/div>\n\t\t\t\t<\/div>","protected":false},"excerpt":{"rendered":"<p>L&rsquo;\u00e9vasion : Jacuzzi &amp; Sauna Merci d\u2019avoir r\u00e9serv\u00e9 a L&rsquo;\u00e9vasion. Veuillez trouver ci-joint un guide pour votre arriv\u00e9e autonome : Guide d\u2019arriv\u00e9e en voiture : https:\/\/youtu.be\/ligIBSPMChw Bienvenue . Si vous avez des questions, n\u2019h\u00e9sitez pas \u00e0 nous contacter. L\u2019\u00e9quipe DOUX PAVILLON.<\/p>","protected":false},"author":0,"featured_media":0,"parent":0,"menu_order":0,"comment_status":"closed","ping_status":"draft","template":"elementor_header_footer","meta":{"inline_featured_image":false,"two_page_speed":[],"footnotes":""},"class_list":["post-7248","page","type-page","status-publish","hentry"],"_links":{"self":[{"href":"https:\/\/douxpavillon.fr\/pt\/wp-json\/wp\/v2\/pages\/7248","targetHints":{"allow":["GET"]}}],"collection":[{"href":"https:\/\/douxpavillon.fr\/pt\/wp-json\/wp\/v2\/pages"}],"about":[{"href":"https:\/\/douxpavillon.fr\/pt\/wp-json\/wp\/v2\/types\/page"}],"replies":[{"embeddable":true,"href":"https:\/\/douxpavillon.fr\/pt\/wp-json\/wp\/v2\/comments?post=7248"}],"version-history":[{"count":0,"href":"https:\/\/douxpavillon.fr\/pt\/wp-json\/wp\/v2\/pages\/7248\/revisions"}],"wp:attachment":[{"href":"https:\/\/douxpavillon.fr\/pt\/wp-json\/wp\/v2\/media?parent=7248"}],"curies":[{"name":"wp","href":"https:\/\/api.w.org\/{rel}","templated":true}]}}