{"id":7699,"date":"2026-03-09T15:09:39","date_gmt":"2026-03-09T15:09:39","guid":{"rendered":"https:\/\/douxpavillon.fr\/?page_id=7699"},"modified":"2026-03-09T15:15:20","modified_gmt":"2026-03-09T15:15:20","slug":"procedure-la-dolce-riviera","status":"publish","type":"page","link":"https:\/\/douxpavillon.fr\/pt\/procedure-la-dolce-riviera\/","title":{"rendered":"procedure La Dolce Riviera"},"content":{"rendered":"<div data-elementor-type=\"wp-post\" data-elementor-id=\"7699\" class=\"elementor elementor-7699\">\n\t\t\t\t<div class=\"elementor-element elementor-element-S8krnJrk   e-flex e-con-boxed e-con e-parent\" data-id=\"S8krnJrk\" data-element_type=\"container\" data-e-type=\"container\">\n\t\t\t\t\t<div class=\"e-con-inner\">\n\t\t\t\t<div class=\"elementor-element elementor-element-1pxAh6Vl elementor-widget__width-inherit elementor-widget-mobile__width-inherit elementor-position-left elementor-vertical-align-middle   elementor-widget elementor-widget-image-box\" data-id=\"1pxAh6Vl\" data-element_type=\"widget\" data-e-type=\"widget\" data-widget_type=\"image-box.default\">\n\t\t\t\t<div class=\"elementor-widget-container\">\n\t\t\t\t\t<div class=\"elementor-image-box-wrapper\"><figure class=\"elementor-image-box-img\"><img fetchpriority=\"high\" decoding=\"async\" width=\"300\" height=\"300\" src=\"https:\/\/douxpavillon.fr\/wp-content\/uploads\/2026\/03\/Doux-pavillon-logo-2-1-300x300.png\" class=\"attachment-full size-full wp-image-7698\" alt=\"\" srcset=\"https:\/\/douxpavillon.fr\/wp-content\/uploads\/2026\/03\/Doux-pavillon-logo-2-1-300x300.png 300w, https:\/\/douxpavillon.fr\/wp-content\/uploads\/2026\/03\/Doux-pavillon-logo-2-1-300x300-150x150.png 150w, https:\/\/douxpavillon.fr\/wp-content\/uploads\/2026\/03\/Doux-pavillon-logo-2-1-300x300-12x12.png 12w\" sizes=\"(max-width: 300px) 100vw, 300px\" \/><\/figure><div class=\"elementor-image-box-content\"><p class=\"elementor-image-box-description\">La Dolce Riviera<\/p><\/div><\/div>\t\t\t\t<\/div>\n\t\t\t\t<\/div>\n\t\t\t\t\t<\/div>\n\t\t\t\t<\/div>\n\t\t<div class=\"elementor-element elementor-element-8qoBxqFZ   e-flex e-con-boxed e-con e-parent\" data-id=\"8qoBxqFZ\" data-element_type=\"container\" data-e-type=\"container\">\n\t\t\t\t\t<div class=\"e-con-inner\">\n\t\t\t\t<div class=\"elementor-element elementor-element-ZKuufE2u elementor-widget__width-inherit elementor-widget-mobile__width-inherit   elementor-widget elementor-widget-text-editor\" data-id=\"ZKuufE2u\" data-element_type=\"widget\" data-e-type=\"widget\" data-widget_type=\"text-editor.default\">\n\t\t\t\t<div class=\"elementor-widget-container\">\n\t\t\t\t\t\t\t\t\t<p>Merci d\u2019avoir r\u00e9serv\u00e9 a La Dolce Riviera. Veuillez trouver ci-joint un guide pour votre arriv\u00e9e autonome :<\/p>\t\t\t\t\t\t\t\t<\/div>\n\t\t\t\t<\/div>\n\t\t\t\t\t<\/div>\n\t\t\t\t<\/div>\n\t\t<div class=\"elementor-element elementor-element-kIjFliMx e-con-full   e-flex e-con e-parent\" data-id=\"kIjFliMx\" data-element_type=\"container\" data-e-type=\"container\">\n\t\t\t\t<div class=\"elementor-element elementor-element-HbwQSIvx elementor-widget__width-inherit elementor-widget-mobile__width-inherit   elementor-widget elementor-widget-video\" data-id=\"HbwQSIvx\" data-element_type=\"widget\" data-e-type=\"widget\" data-settings=\"{&quot;youtube_url&quot;:&quot;https:\\\/\\\/youtu.be\\\/vuO8WmPF5QY&quot;,&quot;video_type&quot;:&quot;youtube&quot;,&quot;controls&quot;:&quot;yes&quot;}\" data-widget_type=\"video.default\">\n\t\t\t\t<div class=\"elementor-widget-container\">\n\t\t\t\t\t\t\t<div class=\"elementor-wrapper elementor-open-inline\">\n\t\t\t<div class=\"elementor-video\"><\/div>\t\t<\/div>\n\t\t\t\t\t\t<\/div>\n\t\t\t\t<\/div>\n\t\t\t\t<\/div>\n\t\t<div class=\"elementor-element elementor-element-In91e4gK   e-flex e-con-boxed e-con e-parent\" data-id=\"In91e4gK\" data-element_type=\"container\" data-e-type=\"container\">\n\t\t\t\t\t<div class=\"e-con-inner\">\n\t\t\t\t<div class=\"elementor-element elementor-element-iZ1krq94 elementor-widget__width-initial elementor-widget-mobile__width-inherit   elementor-widget elementor-widget-text-editor\" data-id=\"iZ1krq94\" data-element_type=\"widget\" data-e-type=\"widget\" data-widget_type=\"text-editor.default\">\n\t\t\t\t<div class=\"elementor-widget-container\">\n\t\t\t\t\t\t\t\t\t<p>Bienvenue. Si vous avez des questions, n\u2019h\u00e9sitez pas \u00e0 nous contacter.<\/p>\t\t\t\t\t\t\t\t<\/div>\n\t\t\t\t<\/div>\n\t\t\t\t\t<\/div>\n\t\t\t\t<\/div>\n\t\t<div class=\"elementor-element elementor-element-n0UZWjRL   e-flex e-con-boxed e-con e-parent\" data-id=\"n0UZWjRL\" data-element_type=\"container\" data-e-type=\"container\">\n\t\t\t\t\t<div class=\"e-con-inner\">\n\t\t\t\t<div class=\"elementor-element elementor-element-ZxUqXhGR elementor-widget__width-inherit elementor-widget-mobile__width-inherit   elementor-widget elementor-widget-text-editor\" data-id=\"ZxUqXhGR\" data-element_type=\"widget\" data-e-type=\"widget\" data-widget_type=\"text-editor.default\">\n\t\t\t\t<div class=\"elementor-widget-container\">\n\t\t\t\t\t\t\t\t\tA equipa DOUX PAVILLON.\t\t\t\t\t\t\t\t<\/div>\n\t\t\t\t<\/div>\n\t\t\t\t\t<\/div>\n\t\t\t\t<\/div>\n\t\t\t\t<\/div>","protected":false},"excerpt":{"rendered":"<p>La Dolce Riviera Merci d\u2019avoir r\u00e9serv\u00e9 a La Dolce Riviera. Veuillez trouver ci-joint un guide pour votre arriv\u00e9e autonome : https:\/\/youtu.be\/vuO8WmPF5QY Bienvenue. Si vous avez des questions, n\u2019h\u00e9sitez pas \u00e0 nous contacter. L\u2019\u00e9quipe DOUX PAVILLON.<\/p>","protected":false},"author":0,"featured_media":0,"parent":0,"menu_order":0,"comment_status":"closed","ping_status":"draft","template":"elementor_header_footer","meta":{"inline_featured_image":false,"two_page_speed":[],"footnotes":""},"class_list":["post-7699","page","type-page","status-publish","hentry"],"_links":{"self":[{"href":"https:\/\/douxpavillon.fr\/pt\/wp-json\/wp\/v2\/pages\/7699","targetHints":{"allow":["GET"]}}],"collection":[{"href":"https:\/\/douxpavillon.fr\/pt\/wp-json\/wp\/v2\/pages"}],"about":[{"href":"https:\/\/douxpavillon.fr\/pt\/wp-json\/wp\/v2\/types\/page"}],"replies":[{"embeddable":true,"href":"https:\/\/douxpavillon.fr\/pt\/wp-json\/wp\/v2\/comments?post=7699"}],"version-history":[{"count":0,"href":"https:\/\/douxpavillon.fr\/pt\/wp-json\/wp\/v2\/pages\/7699\/revisions"}],"wp:attachment":[{"href":"https:\/\/douxpavillon.fr\/pt\/wp-json\/wp\/v2\/media?parent=7699"}],"curies":[{"name":"wp","href":"https:\/\/api.w.org\/{rel}","templated":true}]}}