{"id":7741,"date":"2026-03-10T12:23:55","date_gmt":"2026-03-10T12:23:55","guid":{"rendered":"https:\/\/douxpavillon.fr\/?page_id=7741"},"modified":"2026-03-10T14:46:03","modified_gmt":"2026-03-10T14:46:03","slug":"procedure-le-patio","status":"publish","type":"page","link":"https:\/\/douxpavillon.fr\/pt\/procedure-le-patio\/","title":{"rendered":"Procedure Le Patio"},"content":{"rendered":"<div data-elementor-type=\"wp-post\" data-elementor-id=\"7741\" class=\"elementor elementor-7741\">\n\t\t\t\t<div class=\"elementor-element elementor-element-FDvNJDpC   e-flex e-con-boxed e-con e-parent\" data-id=\"FDvNJDpC\" data-element_type=\"container\" data-e-type=\"container\">\n\t\t\t\t\t<div class=\"e-con-inner\">\n\t\t<div class=\"elementor-element elementor-element-L6Wk9cWu e-con-full   e-flex e-con e-child\" data-id=\"L6Wk9cWu\" data-element_type=\"container\" data-e-type=\"container\">\n\t\t<div class=\"elementor-element elementor-element-b9XLJ6zH e-con-full   e-flex e-con e-child\" data-id=\"b9XLJ6zH\" data-element_type=\"container\" data-e-type=\"container\">\n\t\t<div class=\"elementor-element elementor-element-ssiCiqha e-con-full   e-flex e-con e-child\" data-id=\"ssiCiqha\" data-element_type=\"container\" data-e-type=\"container\">\n\t\t\t\t<div class=\"elementor-element elementor-element-zUmztCZr elementor-widget__width-inherit elementor-widget-mobile__width-inherit elementor-position-left elementor-vertical-align-middle   elementor-widget elementor-widget-image-box\" data-id=\"zUmztCZr\" data-element_type=\"widget\" data-e-type=\"widget\" data-widget_type=\"image-box.default\">\n\t\t\t\t<div class=\"elementor-widget-container\">\n\t\t\t\t\t<div class=\"elementor-image-box-wrapper\"><figure class=\"elementor-image-box-img\"><img fetchpriority=\"high\" decoding=\"async\" width=\"300\" height=\"300\" src=\"https:\/\/douxpavillon.fr\/wp-content\/uploads\/2026\/03\/Doux-pavillon-logo-2-1-300x300.png\" class=\"attachment-full size-full wp-image-7739\" alt=\"\" srcset=\"https:\/\/douxpavillon.fr\/wp-content\/uploads\/2026\/03\/Doux-pavillon-logo-2-1-300x300.png 300w, https:\/\/douxpavillon.fr\/wp-content\/uploads\/2026\/03\/Doux-pavillon-logo-2-1-300x300-150x150.png 150w, https:\/\/douxpavillon.fr\/wp-content\/uploads\/2026\/03\/Doux-pavillon-logo-2-1-300x300-12x12.png 12w\" sizes=\"(max-width: 300px) 100vw, 300px\" \/><\/figure><div class=\"elementor-image-box-content\"><p class=\"elementor-image-box-description\">Le Patio<\/p><\/div><\/div>\t\t\t\t<\/div>\n\t\t\t\t<\/div>\n\t\t\t\t<\/div>\n\t\t\t\t<\/div>\n\t\t\t\t<div class=\"elementor-element elementor-element-1HAXV2Ap elementor-widget__width-inherit elementor-widget-mobile__width-inherit   elementor-widget elementor-widget-text-editor\" data-id=\"1HAXV2Ap\" data-element_type=\"widget\" data-e-type=\"widget\" data-widget_type=\"text-editor.default\">\n\t\t\t\t<div class=\"elementor-widget-container\">\n\t\t\t\t\t\t\t\t\t<p>Merci d\u2019avoir r\u00e9serv\u00e9 au Le Patio. Veuillez trouver ci-joint un guide pour votre arriv\u00e9e autonome :<\/p>\t\t\t\t\t\t\t\t<\/div>\n\t\t\t\t<\/div>\n\t\t\t\t<\/div>\n\t\t\t\t\t<\/div>\n\t\t\t\t<\/div>\n\t\t<div class=\"elementor-element elementor-element-CbuDdYK9 e-con-full   e-flex e-con e-parent\" data-id=\"CbuDdYK9\" data-element_type=\"container\" data-e-type=\"container\">\n\t\t\t\t<div class=\"elementor-element elementor-element-DhOgLUO1 elementor-widget__width-inherit elementor-widget-mobile__width-inherit   elementor-widget elementor-widget-video\" data-id=\"DhOgLUO1\" data-element_type=\"widget\" data-e-type=\"widget\" data-settings=\"{&quot;youtube_url&quot;:&quot;https:\\\/\\\/youtu.be\\\/1YksHXVEEDk&quot;,&quot;video_type&quot;:&quot;youtube&quot;,&quot;controls&quot;:&quot;yes&quot;}\" data-widget_type=\"video.default\">\n\t\t\t\t<div class=\"elementor-widget-container\">\n\t\t\t\t\t\t\t<div class=\"elementor-wrapper elementor-open-inline\">\n\t\t\t<div class=\"elementor-video\"><\/div>\t\t<\/div>\n\t\t\t\t\t\t<\/div>\n\t\t\t\t<\/div>\n\t\t\t\t<\/div>\n\t\t<div class=\"elementor-element elementor-element-1zlAFbsM   e-flex e-con-boxed e-con e-parent\" data-id=\"1zlAFbsM\" data-element_type=\"container\" data-e-type=\"container\">\n\t\t\t\t\t<div class=\"e-con-inner\">\n\t\t\t\t<div class=\"elementor-element elementor-element-XHVhBUIb elementor-widget__width-inherit elementor-widget-mobile__width-inherit   elementor-widget elementor-widget-text-editor\" data-id=\"XHVhBUIb\" data-element_type=\"widget\" data-e-type=\"widget\" data-widget_type=\"text-editor.default\">\n\t\t\t\t<div class=\"elementor-widget-container\">\n\t\t\t\t\t\t\t\t\tBienvenue. Si vous avez des questions, n\u2019h\u00e9sitez pas \u00e0 nous contacter.\t\t\t\t\t\t\t\t<\/div>\n\t\t\t\t<\/div>\n\t\t\t\t\t<\/div>\n\t\t\t\t<\/div>\n\t\t<div class=\"elementor-element elementor-element-z39GKtxr   e-flex e-con-boxed e-con e-parent\" data-id=\"z39GKtxr\" data-element_type=\"container\" data-e-type=\"container\">\n\t\t\t\t\t<div class=\"e-con-inner\">\n\t\t\t\t<div class=\"elementor-element elementor-element-lERbU51W elementor-widget__width-inherit elementor-widget-mobile__width-inherit   elementor-widget elementor-widget-text-editor\" data-id=\"lERbU51W\" data-element_type=\"widget\" data-e-type=\"widget\" data-widget_type=\"text-editor.default\">\n\t\t\t\t<div class=\"elementor-widget-container\">\n\t\t\t\t\t\t\t\t\tA equipa DOUX PAVILLON.\t\t\t\t\t\t\t\t<\/div>\n\t\t\t\t<\/div>\n\t\t\t\t\t<\/div>\n\t\t\t\t<\/div>\n\t\t\t\t<\/div>","protected":false},"excerpt":{"rendered":"<p>Le Patio Merci d\u2019avoir r\u00e9serv\u00e9 au Le Patio. Veuillez trouver ci-joint un guide pour votre arriv\u00e9e autonome : https:\/\/youtu.be\/1YksHXVEEDkBienvenue. Si vous avez des questions, n\u2019h\u00e9sitez pas \u00e0 nous contacter.L\u2019\u00e9quipe DOUX PAVILLON.<\/p>","protected":false},"author":0,"featured_media":0,"parent":0,"menu_order":0,"comment_status":"closed","ping_status":"draft","template":"elementor_header_footer","meta":{"inline_featured_image":false,"two_page_speed":[],"footnotes":""},"class_list":["post-7741","page","type-page","status-publish","hentry"],"_links":{"self":[{"href":"https:\/\/douxpavillon.fr\/pt\/wp-json\/wp\/v2\/pages\/7741","targetHints":{"allow":["GET"]}}],"collection":[{"href":"https:\/\/douxpavillon.fr\/pt\/wp-json\/wp\/v2\/pages"}],"about":[{"href":"https:\/\/douxpavillon.fr\/pt\/wp-json\/wp\/v2\/types\/page"}],"replies":[{"embeddable":true,"href":"https:\/\/douxpavillon.fr\/pt\/wp-json\/wp\/v2\/comments?post=7741"}],"version-history":[{"count":0,"href":"https:\/\/douxpavillon.fr\/pt\/wp-json\/wp\/v2\/pages\/7741\/revisions"}],"wp:attachment":[{"href":"https:\/\/douxpavillon.fr\/pt\/wp-json\/wp\/v2\/media?parent=7741"}],"curies":[{"name":"wp","href":"https:\/\/api.w.org\/{rel}","templated":true}]}}